{"id":31,"date":"2024-08-23T11:48:16","date_gmt":"2024-08-23T11:48:16","guid":{"rendered":"https:\/\/svak.se\/?page_id=31"},"modified":"2026-04-20T11:54:40","modified_gmt":"2026-04-20T09:54:40","slug":"kontakt","status":"publish","type":"page","link":"https:\/\/svak.se\/index.php\/kontakt\/","title":{"rendered":"Kontakt"},"content":{"rendered":"\n<div class=\"wp-block-group alignfull has-global-padding is-layout-constrained wp-block-group-is-layout-constrained\">\n<div class=\"wp-block-group alignfull is-layout-flow wp-block-group-is-layout-flow\" style=\"margin-top:0;margin-bottom:0;padding-top:var(--wp--preset--spacing--20);padding-right:var(--wp--preset--spacing--50);padding-bottom:var(--wp--preset--spacing--40);padding-left:var(--wp--preset--spacing--50)\">\n<div class=\"wp-block-group is-vertical is-content-justification-center is-layout-flex wp-container-core-group-is-layout-ce155fab wp-block-group-is-layout-flex\">\n<h2 class=\"wp-block-heading has-text-align-center has-xx-large-font-size\">H\u00e4r \u00e4r personer som du kan kontakta<\/h2>\n<\/div>\n\n\n\n<div style=\"height:var(--wp--preset--spacing--30)\" aria-hidden=\"true\" class=\"wp-block-spacer\"><\/div>\n\n\n\n<div class=\"wp-block-columns alignwide is-layout-flex wp-container-core-columns-is-layout-f1c17ee5 wp-block-columns-is-layout-flex\" style=\"padding-right:0;padding-left:0\">\n<div class=\"wp-block-column is-layout-flow wp-block-column-is-layout-flow\">\n<figure data-wp-context=\"{&quot;imageId&quot;:&quot;69ec9c65800d7&quot;}\" data-wp-interactive=\"core\/image\" data-wp-key=\"69ec9c65800d7\" class=\"wp-block-image aligncenter size-full is-style-rounded is-style-rounded--1 wp-lightbox-container\"><img decoding=\"async\" width=\"294\" height=\"294\" data-wp-class--hide=\"state.isContentHidden\" data-wp-class--show=\"state.isContentVisible\" data-wp-init=\"callbacks.setButtonStyles\" data-wp-on--click=\"actions.showLightbox\" data-wp-on--load=\"callbacks.setButtonStyles\" data-wp-on-window--resize=\"callbacks.setButtonStyles\" data-src=\"https:\/\/svak.se\/wp-content\/uploads\/2024\/10\/avatar-lady.jpg\" alt=\"\" class=\"wp-image-10291 lazyload\" style=\"--smush-placeholder-width: 294px; --smush-placeholder-aspect-ratio: 294\/294;aspect-ratio:1;object-fit:cover\" data-srcset=\"https:\/\/svak.se\/wp-content\/uploads\/2024\/10\/avatar-lady.jpg 294w, https:\/\/svak.se\/wp-content\/uploads\/2024\/10\/avatar-lady-150x150.jpg 150w\" data-sizes=\"(max-width: 294px) 100vw, 294px\" src=\"data:image\/svg+xml;base64,PHN2ZyB3aWR0aD0iMSIgaGVpZ2h0PSIxIiB4bWxucz0iaHR0cDovL3d3dy53My5vcmcvMjAwMC9zdmciPjwvc3ZnPg==\" \/><button\n\t\t\tclass=\"lightbox-trigger\"\n\t\t\ttype=\"button\"\n\t\t\taria-haspopup=\"dialog\"\n\t\t\taria-label=\"F\u00f6rstora\"\n\t\t\tdata-wp-init=\"callbacks.initTriggerButton\"\n\t\t\tdata-wp-on--click=\"actions.showLightbox\"\n\t\t\tdata-wp-style--right=\"state.imageButtonRight\"\n\t\t\tdata-wp-style--top=\"state.imageButtonTop\"\n\t\t>\n\t\t\t<svg xmlns=\"http:\/\/www.w3.org\/2000\/svg\" width=\"12\" height=\"12\" fill=\"none\" viewBox=\"0 0 12 12\">\n\t\t\t\t<path fill=\"#fff\" d=\"M2 0a2 2 0 0 0-2 2v2h1.5V2a.5.5 0 0 1 .5-.5h2V0H2Zm2 10.5H2a.5.5 0 0 1-.5-.5V8H0v2a2 2 0 0 0 2 2h2v-1.5ZM8 12v-1.5h2a.5.5 0 0 0 .5-.5V8H12v2a2 2 0 0 1-2 2H8Zm2-12a2 2 0 0 1 2 2v2h-1.5V2a.5.5 0 0 0-.5-.5H8V0h2Z\" \/>\n\t\t\t<\/svg>\n\t\t<\/button><\/figure>\n\n\n\n<div class=\"wp-block-group is-vertical is-content-justification-center is-nowrap is-layout-flex wp-container-core-group-is-layout-21d4e958 wp-block-group-is-layout-flex\">\n<p class=\"has-text-align-center has-medium-font-size\" style=\"font-style:normal;font-weight:600\"><a href=\"mailto:ordforande@svak.se\">Ordf\u00f6rande i SVaK<\/a><\/p>\n<\/div>\n<\/div>\n\n\n\n<div class=\"wp-block-column is-layout-flow wp-block-column-is-layout-flow\">\n<figure class=\"wp-block-image aligncenter size-full is-style-rounded is-style-rounded--2\"><img decoding=\"async\" width=\"294\" height=\"294\" data-src=\"https:\/\/svak.se\/wp-content\/uploads\/2024\/10\/avatar-man.jpg\" alt=\"\" class=\"wp-image-10292 lazyload\" style=\"--smush-placeholder-width: 294px; --smush-placeholder-aspect-ratio: 294\/294;aspect-ratio:1;object-fit:cover\" data-srcset=\"https:\/\/svak.se\/wp-content\/uploads\/2024\/10\/avatar-man.jpg 294w, https:\/\/svak.se\/wp-content\/uploads\/2024\/10\/avatar-man-150x150.jpg 150w\" data-sizes=\"(max-width: 294px) 100vw, 294px\" src=\"data:image\/svg+xml;base64,PHN2ZyB3aWR0aD0iMSIgaGVpZ2h0PSIxIiB4bWxucz0iaHR0cDovL3d3dy53My5vcmcvMjAwMC9zdmciPjwvc3ZnPg==\" \/><\/figure>\n\n\n\n<div class=\"wp-block-group is-vertical is-content-justification-center is-nowrap is-layout-flex wp-container-core-group-is-layout-63bfd6c1 wp-block-group-is-layout-flex\">\n<p class=\"has-text-align-center has-medium-font-size\" style=\"font-style:normal;font-weight:600\"><a href=\"mailto:dr@svak.se\">Presskontakt<\/a><\/p>\n<\/div>\n<\/div>\n\n\n\n<div class=\"wp-block-column is-layout-flow wp-block-column-is-layout-flow\">\n<figure data-wp-context=\"{&quot;imageId&quot;:&quot;69ec9c6580fcf&quot;}\" data-wp-interactive=\"core\/image\" data-wp-key=\"69ec9c6580fcf\" class=\"wp-block-image aligncenter size-full is-style-rounded is-style-rounded--3 wp-lightbox-container\"><img decoding=\"async\" width=\"294\" height=\"294\" data-wp-class--hide=\"state.isContentHidden\" data-wp-class--show=\"state.isContentVisible\" data-wp-init=\"callbacks.setButtonStyles\" data-wp-on--click=\"actions.showLightbox\" data-wp-on--load=\"callbacks.setButtonStyles\" data-wp-on-window--resize=\"callbacks.setButtonStyles\" data-src=\"https:\/\/svak.se\/wp-content\/uploads\/2024\/10\/avatar-lady.jpg\" alt=\"\" class=\"wp-image-10291 lazyload\" style=\"--smush-placeholder-width: 294px; --smush-placeholder-aspect-ratio: 294\/294;aspect-ratio:1;object-fit:cover\" data-srcset=\"https:\/\/svak.se\/wp-content\/uploads\/2024\/10\/avatar-lady.jpg 294w, https:\/\/svak.se\/wp-content\/uploads\/2024\/10\/avatar-lady-150x150.jpg 150w\" data-sizes=\"(max-width: 294px) 100vw, 294px\" src=\"data:image\/svg+xml;base64,PHN2ZyB3aWR0aD0iMSIgaGVpZ2h0PSIxIiB4bWxucz0iaHR0cDovL3d3dy53My5vcmcvMjAwMC9zdmciPjwvc3ZnPg==\" \/><button\n\t\t\tclass=\"lightbox-trigger\"\n\t\t\ttype=\"button\"\n\t\t\taria-haspopup=\"dialog\"\n\t\t\taria-label=\"F\u00f6rstora\"\n\t\t\tdata-wp-init=\"callbacks.initTriggerButton\"\n\t\t\tdata-wp-on--click=\"actions.showLightbox\"\n\t\t\tdata-wp-style--right=\"state.imageButtonRight\"\n\t\t\tdata-wp-style--top=\"state.imageButtonTop\"\n\t\t>\n\t\t\t<svg xmlns=\"http:\/\/www.w3.org\/2000\/svg\" width=\"12\" height=\"12\" fill=\"none\" viewBox=\"0 0 12 12\">\n\t\t\t\t<path fill=\"#fff\" d=\"M2 0a2 2 0 0 0-2 2v2h1.5V2a.5.5 0 0 1 .5-.5h2V0H2Zm2 10.5H2a.5.5 0 0 1-.5-.5V8H0v2a2 2 0 0 0 2 2h2v-1.5ZM8 12v-1.5h2a.5.5 0 0 0 .5-.5V8H12v2a2 2 0 0 1-2 2H8Zm2-12a2 2 0 0 1 2 2v2h-1.5V2a.5.5 0 0 0-.5-.5H8V0h2Z\" \/>\n\t\t\t<\/svg>\n\t\t<\/button><\/figure>\n\n\n\n<div class=\"wp-block-group is-vertical is-content-justification-center is-nowrap is-layout-flex wp-container-core-group-is-layout-63bfd6c1 wp-block-group-is-layout-flex\">\n<p class=\"has-text-align-center has-medium-font-size\" style=\"font-style:normal;font-weight:600\"><a href=\"mailto:tk@svak.se\">T\u00e4vlingskommitt\u00e9n<\/a><\/p>\n<\/div>\n<\/div>\n<\/div>\n<\/div>\n\n\n\n<div class=\"wp-block-group alignfull is-layout-flow wp-block-group-is-layout-flow\" style=\"margin-top:0;margin-bottom:0;padding-top:var(--wp--preset--spacing--20);padding-right:var(--wp--preset--spacing--50);padding-bottom:var(--wp--preset--spacing--40);padding-left:var(--wp--preset--spacing--50)\">\n<div style=\"height:var(--wp--preset--spacing--30)\" aria-hidden=\"true\" class=\"wp-block-spacer\"><\/div>\n\n\n\n<div class=\"wp-block-columns alignwide is-layout-flex wp-container-core-columns-is-layout-f1c17ee5 wp-block-columns-is-layout-flex\" style=\"padding-right:0;padding-left:0\">\n<div class=\"wp-block-column is-layout-flow wp-block-column-is-layout-flow\">\n<figure data-wp-context=\"{&quot;imageId&quot;:&quot;69ec9c658189a&quot;}\" data-wp-interactive=\"core\/image\" data-wp-key=\"69ec9c658189a\" class=\"wp-block-image aligncenter size-full is-style-rounded is-style-rounded--4 wp-lightbox-container\"><img decoding=\"async\" width=\"294\" height=\"294\" data-wp-class--hide=\"state.isContentHidden\" data-wp-class--show=\"state.isContentVisible\" data-wp-init=\"callbacks.setButtonStyles\" data-wp-on--click=\"actions.showLightbox\" data-wp-on--load=\"callbacks.setButtonStyles\" data-wp-on-window--resize=\"callbacks.setButtonStyles\" data-src=\"https:\/\/svak.se\/wp-content\/uploads\/2024\/10\/avatar-lady.jpg\" alt=\"\" class=\"wp-image-10291 lazyload\" style=\"--smush-placeholder-width: 294px; --smush-placeholder-aspect-ratio: 294\/294;aspect-ratio:1;object-fit:cover\" data-srcset=\"https:\/\/svak.se\/wp-content\/uploads\/2024\/10\/avatar-lady.jpg 294w, https:\/\/svak.se\/wp-content\/uploads\/2024\/10\/avatar-lady-150x150.jpg 150w\" data-sizes=\"(max-width: 294px) 100vw, 294px\" src=\"data:image\/svg+xml;base64,PHN2ZyB3aWR0aD0iMSIgaGVpZ2h0PSIxIiB4bWxucz0iaHR0cDovL3d3dy53My5vcmcvMjAwMC9zdmciPjwvc3ZnPg==\" \/><button\n\t\t\tclass=\"lightbox-trigger\"\n\t\t\ttype=\"button\"\n\t\t\taria-haspopup=\"dialog\"\n\t\t\taria-label=\"F\u00f6rstora\"\n\t\t\tdata-wp-init=\"callbacks.initTriggerButton\"\n\t\t\tdata-wp-on--click=\"actions.showLightbox\"\n\t\t\tdata-wp-style--right=\"state.imageButtonRight\"\n\t\t\tdata-wp-style--top=\"state.imageButtonTop\"\n\t\t>\n\t\t\t<svg xmlns=\"http:\/\/www.w3.org\/2000\/svg\" width=\"12\" height=\"12\" fill=\"none\" viewBox=\"0 0 12 12\">\n\t\t\t\t<path fill=\"#fff\" d=\"M2 0a2 2 0 0 0-2 2v2h1.5V2a.5.5 0 0 1 .5-.5h2V0H2Zm2 10.5H2a.5.5 0 0 1-.5-.5V8H0v2a2 2 0 0 0 2 2h2v-1.5ZM8 12v-1.5h2a.5.5 0 0 0 .5-.5V8H12v2a2 2 0 0 1-2 2H8Zm2-12a2 2 0 0 1 2 2v2h-1.5V2a.5.5 0 0 0-.5-.5H8V0h2Z\" \/>\n\t\t\t<\/svg>\n\t\t<\/button><\/figure>\n\n\n\n<div class=\"wp-block-group is-vertical is-content-justification-center is-nowrap is-layout-flex wp-container-core-group-is-layout-21d4e958 wp-block-group-is-layout-flex\">\n<p class=\"has-text-align-center has-medium-font-size\" style=\"font-style:normal;font-weight:600\"><a href=\"mailto: ar@svak.se\">Avelsr\u00e5det<\/a><\/p>\n<\/div>\n<\/div>\n\n\n\n<div class=\"wp-block-column is-layout-flow wp-block-column-is-layout-flow\">\n<figure data-wp-context=\"{&quot;imageId&quot;:&quot;69ec9c658238c&quot;}\" data-wp-interactive=\"core\/image\" data-wp-key=\"69ec9c658238c\" class=\"wp-block-image aligncenter size-full is-style-rounded is-style-rounded--5 wp-lightbox-container\"><img decoding=\"async\" width=\"294\" height=\"294\" data-wp-class--hide=\"state.isContentHidden\" data-wp-class--show=\"state.isContentVisible\" data-wp-init=\"callbacks.setButtonStyles\" data-wp-on--click=\"actions.showLightbox\" data-wp-on--load=\"callbacks.setButtonStyles\" data-wp-on-window--resize=\"callbacks.setButtonStyles\" data-src=\"https:\/\/svak.se\/wp-content\/uploads\/2024\/10\/avatar-man.jpg\" alt=\"\" class=\"wp-image-10292 lazyload\" style=\"--smush-placeholder-width: 294px; --smush-placeholder-aspect-ratio: 294\/294;aspect-ratio:1;object-fit:cover\" data-srcset=\"https:\/\/svak.se\/wp-content\/uploads\/2024\/10\/avatar-man.jpg 294w, https:\/\/svak.se\/wp-content\/uploads\/2024\/10\/avatar-man-150x150.jpg 150w\" data-sizes=\"(max-width: 294px) 100vw, 294px\" src=\"data:image\/svg+xml;base64,PHN2ZyB3aWR0aD0iMSIgaGVpZ2h0PSIxIiB4bWxucz0iaHR0cDovL3d3dy53My5vcmcvMjAwMC9zdmciPjwvc3ZnPg==\" \/><button\n\t\t\tclass=\"lightbox-trigger\"\n\t\t\ttype=\"button\"\n\t\t\taria-haspopup=\"dialog\"\n\t\t\taria-label=\"F\u00f6rstora\"\n\t\t\tdata-wp-init=\"callbacks.initTriggerButton\"\n\t\t\tdata-wp-on--click=\"actions.showLightbox\"\n\t\t\tdata-wp-style--right=\"state.imageButtonRight\"\n\t\t\tdata-wp-style--top=\"state.imageButtonTop\"\n\t\t>\n\t\t\t<svg xmlns=\"http:\/\/www.w3.org\/2000\/svg\" width=\"12\" height=\"12\" fill=\"none\" viewBox=\"0 0 12 12\">\n\t\t\t\t<path fill=\"#fff\" d=\"M2 0a2 2 0 0 0-2 2v2h1.5V2a.5.5 0 0 1 .5-.5h2V0H2Zm2 10.5H2a.5.5 0 0 1-.5-.5V8H0v2a2 2 0 0 0 2 2h2v-1.5ZM8 12v-1.5h2a.5.5 0 0 0 .5-.5V8H12v2a2 2 0 0 1-2 2H8Zm2-12a2 2 0 0 1 2 2v2h-1.5V2a.5.5 0 0 0-.5-.5H8V0h2Z\" \/>\n\t\t\t<\/svg>\n\t\t<\/button><\/figure>\n\n\n\n<div class=\"wp-block-group is-vertical is-content-justification-center is-nowrap is-layout-flex wp-container-core-group-is-layout-63bfd6c1 wp-block-group-is-layout-flex\">\n<p class=\"has-text-align-center has-medium-font-size\" style=\"font-style:normal;font-weight:600\"><a href=\"mailto:ubk@svak.se\">Utbildningskom<\/a><\/p>\n<\/div>\n<\/div>\n\n\n\n<div class=\"wp-block-column is-layout-flow wp-block-column-is-layout-flow\">\n<figure data-wp-context=\"{&quot;imageId&quot;:&quot;69ec9c6582b8d&quot;}\" data-wp-interactive=\"core\/image\" data-wp-key=\"69ec9c6582b8d\" class=\"wp-block-image aligncenter size-full is-style-rounded is-style-rounded--6 wp-lightbox-container\"><img decoding=\"async\" width=\"294\" height=\"294\" data-wp-class--hide=\"state.isContentHidden\" data-wp-class--show=\"state.isContentVisible\" data-wp-init=\"callbacks.setButtonStyles\" data-wp-on--click=\"actions.showLightbox\" data-wp-on--load=\"callbacks.setButtonStyles\" data-wp-on-window--resize=\"callbacks.setButtonStyles\" data-src=\"https:\/\/svak.se\/wp-content\/uploads\/2024\/10\/avatar-lady.jpg\" alt=\"\" class=\"wp-image-10291 lazyload\" style=\"--smush-placeholder-width: 294px; --smush-placeholder-aspect-ratio: 294\/294;aspect-ratio:1;object-fit:cover\" data-srcset=\"https:\/\/svak.se\/wp-content\/uploads\/2024\/10\/avatar-lady.jpg 294w, https:\/\/svak.se\/wp-content\/uploads\/2024\/10\/avatar-lady-150x150.jpg 150w\" data-sizes=\"(max-width: 294px) 100vw, 294px\" src=\"data:image\/svg+xml;base64,PHN2ZyB3aWR0aD0iMSIgaGVpZ2h0PSIxIiB4bWxucz0iaHR0cDovL3d3dy53My5vcmcvMjAwMC9zdmciPjwvc3ZnPg==\" \/><button\n\t\t\tclass=\"lightbox-trigger\"\n\t\t\ttype=\"button\"\n\t\t\taria-haspopup=\"dialog\"\n\t\t\taria-label=\"F\u00f6rstora\"\n\t\t\tdata-wp-init=\"callbacks.initTriggerButton\"\n\t\t\tdata-wp-on--click=\"actions.showLightbox\"\n\t\t\tdata-wp-style--right=\"state.imageButtonRight\"\n\t\t\tdata-wp-style--top=\"state.imageButtonTop\"\n\t\t>\n\t\t\t<svg xmlns=\"http:\/\/www.w3.org\/2000\/svg\" width=\"12\" height=\"12\" fill=\"none\" viewBox=\"0 0 12 12\">\n\t\t\t\t<path fill=\"#fff\" d=\"M2 0a2 2 0 0 0-2 2v2h1.5V2a.5.5 0 0 1 .5-.5h2V0H2Zm2 10.5H2a.5.5 0 0 1-.5-.5V8H0v2a2 2 0 0 0 2 2h2v-1.5ZM8 12v-1.5h2a.5.5 0 0 0 .5-.5V8H12v2a2 2 0 0 1-2 2H8Zm2-12a2 2 0 0 1 2 2v2h-1.5V2a.5.5 0 0 0-.5-.5H8V0h2Z\" \/>\n\t\t\t<\/svg>\n\t\t<\/button><\/figure>\n\n\n\n<div class=\"wp-block-group is-vertical is-content-justification-center is-nowrap is-layout-flex wp-container-core-group-is-layout-63bfd6c1 wp-block-group-is-layout-flex\">\n<p class=\"has-text-align-center has-medium-font-size\" style=\"font-style:normal;font-weight:600\"><a href=\"mailto:webmaster@svak.se\">Webmaster<\/a><\/p>\n<\/div>\n<\/div>\n<\/div>\n<\/div>\n\n\n\n<hr class=\"wp-block-separator has-alpha-channel-opacity\"\/>\n\n\n\n<div style=\"height:50px\" aria-hidden=\"true\" class=\"wp-block-spacer\"><\/div>\n\n\n\n<div class=\"wp-block-group alignfull has-base-2-color has-custom-svakbl-background-color has-text-color has-background has-link-color wp-elements-8212a1ed470f978c8d1c398fa042dc6f is-vertical is-content-justification-center is-layout-flex wp-container-core-group-is-layout-6bd7616e wp-block-group-is-layout-flex\" style=\"min-height:32vh;margin-top:0;margin-bottom:0;padding-top:var(--wp--preset--spacing--40);padding-right:var(--wp--preset--spacing--40);padding-bottom:var(--wp--preset--spacing--40);padding-left:var(--wp--preset--spacing--40)\">\n<div class=\"wp-block-group has-global-padding is-layout-constrained wp-block-group-is-layout-constrained\">\n<h2 class=\"wp-block-heading has-text-align-center has-base-2-color has-text-color has-link-color wp-elements-709d31e8b1b42315824d489ee79d6a9d\" style=\"margin-right:0;margin-left:0;padding-right:0;padding-left:0;font-size:clamp(1.79rem, 1.79rem + ((1vw - 0.2rem) * 2.183), 3.1rem);\">Annonsera p\u00e5 hemsidan<\/h2>\n\n\n\n<div style=\"height:var(--wp--preset--spacing--10)\" aria-hidden=\"true\" class=\"wp-block-spacer\"><\/div>\n\n\n\n<div class=\"wp-block-buttons is-content-justification-center is-layout-flex wp-container-core-buttons-is-layout-a89b3969 wp-block-buttons-is-layout-flex\">\n<div class=\"wp-block-button\"><a class=\"wp-block-button__link has-custom-svakbl-color has-base-2-background-color has-text-color has-background has-link-color wp-element-button\" href=\"mailto:webmaster@svak.se\" style=\"font-style:normal;font-weight:600\">MAILA<\/a><\/div>\n<\/div>\n<\/div>\n<\/div>\n<\/div>\n","protected":false},"excerpt":{"rendered":"<p>H\u00e4r \u00e4r personer som du kan kontakta Ordf\u00f6rande i SVaK Presskontakt T\u00e4vlingskommitt\u00e9n Avelsr\u00e5det Utbildningskom Webmaster Annonsera p\u00e5 hemsidan<\/p>\n","protected":false},"author":2,"featured_media":0,"parent":0,"menu_order":0,"comment_status":"closed","ping_status":"closed","template":"page-with-sidebar","meta":{"_view_id":"","footnotes":""},"class_list":["post-31","page","type-page","status-publish","hentry"],"_links":{"self":[{"href":"https:\/\/svak.se\/index.php\/wp-json\/wp\/v2\/pages\/31","targetHints":{"allow":["GET"]}}],"collection":[{"href":"https:\/\/svak.se\/index.php\/wp-json\/wp\/v2\/pages"}],"about":[{"href":"https:\/\/svak.se\/index.php\/wp-json\/wp\/v2\/types\/page"}],"author":[{"embeddable":true,"href":"https:\/\/svak.se\/index.php\/wp-json\/wp\/v2\/users\/2"}],"replies":[{"embeddable":true,"href":"https:\/\/svak.se\/index.php\/wp-json\/wp\/v2\/comments?post=31"}],"version-history":[{"count":29,"href":"https:\/\/svak.se\/index.php\/wp-json\/wp\/v2\/pages\/31\/revisions"}],"predecessor-version":[{"id":11893,"href":"https:\/\/svak.se\/index.php\/wp-json\/wp\/v2\/pages\/31\/revisions\/11893"}],"wp:attachment":[{"href":"https:\/\/svak.se\/index.php\/wp-json\/wp\/v2\/media?parent=31"}],"curies":[{"name":"wp","href":"https:\/\/api.w.org\/{rel}","templated":true}]}}