{"id":27,"date":"2024-08-23T11:44:52","date_gmt":"2024-08-23T11:44:52","guid":{"rendered":"https:\/\/svak.se\/?page_id=27"},"modified":"2025-08-18T07:14:54","modified_gmt":"2025-08-18T05:14:54","slug":"avel","status":"publish","type":"page","link":"https:\/\/svak.se\/index.php\/vallhunden\/avel\/","title":{"rendered":"Avel"},"content":{"rendered":"\n<div class=\"wp-block-group alignfull has-global-padding is-layout-constrained wp-block-group-is-layout-constrained\">\n<div class=\"wp-block-group alignfull has-global-padding is-layout-constrained wp-container-core-group-is-layout-2cf2e7c2 wp-block-group-is-layout-constrained\" style=\"padding-top:0;padding-right:var(--wp--preset--spacing--50);padding-bottom:0;padding-left:var(--wp--preset--spacing--50)\">\n<div class=\"wp-block-group has-global-padding is-layout-constrained wp-container-core-group-is-layout-d55d1488 wp-block-group-is-layout-constrained\" style=\"padding-top:0;padding-bottom:0\">\n<h1 class=\"wp-block-heading has-text-align-center has-xx-large-font-size\">Avel<\/h1>\n\n\n\n<div style=\"height:1.25rem\" aria-hidden=\"true\" class=\"wp-block-spacer\"><\/div>\n\n\n\n<p class=\"has-text-align-center\">SVaK har avelsansvaret f\u00f6r Border Collie i Sverige. Det \u00e4r v\u00e5rt Avelsr\u00e5d&nbsp;som administrerar arbetet i f\u00f6reningen.<\/p>\n<\/div>\n\n\n\n<div style=\"height:8px\" aria-hidden=\"true\" class=\"wp-block-spacer\"><\/div>\n\n\n\n<div class=\"wp-block-cover\" style=\"min-height:704px;aspect-ratio:unset;\"><img decoding=\"async\" width=\"1000\" height=\"562\" class=\"wp-block-cover__image-background wp-image-292 lazyload\" alt=\"\" data-src=\"https:\/\/svak.se\/wp-content\/uploads\/2024\/09\/aktivitet2012_16.jpg\" data-object-fit=\"cover\" data-srcset=\"https:\/\/svak.se\/wp-content\/uploads\/2024\/09\/aktivitet2012_16.jpg 1000w, https:\/\/svak.se\/wp-content\/uploads\/2024\/09\/aktivitet2012_16-300x169.jpg 300w, https:\/\/svak.se\/wp-content\/uploads\/2024\/09\/aktivitet2012_16-768x432.jpg 768w\" data-sizes=\"(max-width: 1000px) 100vw, 1000px\" src=\"data:image\/svg+xml;base64,PHN2ZyB3aWR0aD0iMSIgaGVpZ2h0PSIxIiB4bWxucz0iaHR0cDovL3d3dy53My5vcmcvMjAwMC9zdmciPjwvc3ZnPg==\" style=\"--smush-placeholder-width: 1000px; --smush-placeholder-aspect-ratio: 1000\/562;\" \/><span aria-hidden=\"true\" class=\"wp-block-cover__background has-contrast-background-color has-background-dim-20 has-background-dim\"><\/span><div class=\"wp-block-cover__inner-container has-global-padding is-layout-constrained wp-container-core-cover-is-layout-4383d167 wp-block-cover-is-layout-constrained\">\n<p class=\"has-text-align-center\" style=\"padding-top:var(--wp--preset--spacing--40);padding-right:var(--wp--preset--spacing--40);padding-bottom:0;padding-left:var(--wp--preset--spacing--50)\"><\/p>\n\n\n\n<div class=\"wp-block-group is-vertical is-content-justification-stretch is-layout-flex wp-container-core-group-is-layout-d69acf1d wp-block-group-is-layout-flex\" style=\"padding-top:var(--wp--preset--spacing--10);padding-right:var(--wp--preset--spacing--20);padding-bottom:0;padding-left:var(--wp--preset--spacing--10)\">\n<div style=\"height:34px\" aria-hidden=\"true\" class=\"wp-block-spacer wp-container-content-6c24486e\"><\/div>\n\n\n\n<div style=\"height:34px\" aria-hidden=\"true\" class=\"wp-block-spacer wp-container-content-6c24486e\"><\/div>\n\n\n\n<div style=\"height:135px\" aria-hidden=\"true\" class=\"wp-block-spacer wp-container-content-5ec05e7f\"><\/div>\n\n\n\n<h3 class=\"wp-block-heading has-base-2-color has-text-color has-link-color wp-elements-0891ccfaf0e1558a64e6e4b16d3f1ded\" style=\"font-size:clamp(24.034px, 1.502rem + ((1vw - 3.2px) * 1.663), 40px);line-height:1.2\">&#8221;Border collieaveln \u00e4r traditionellt och <br>j\u00e4mf\u00f6rt med andra raser mycket fokuserad <br>p\u00e5 rasens arbetsegenskaper, det vill s\u00e4ga man str\u00e4var i f\u00f6rsta hand efter att skapa dugliga vallhundar.&#8221;<\/h3>\n\n\n\n<div class=\"wp-block-group is-horizontal is-content-justification-space-between is-layout-flex wp-container-core-group-is-layout-f7107250 wp-block-group-is-layout-flex\">\n<p class=\"has-base-2-color has-text-color has-link-color wp-elements-00a7e76a6f88ba1beba66583e6726f42\"><em>Ur rasstrategin f\u00f6r Border Collie<\/em><\/p>\n\n\n\n<div class=\"wp-block-buttons is-vertical is-content-justification-left is-layout-flex wp-container-core-buttons-is-layout-810fbbe0 wp-block-buttons-is-layout-flex\">\n<div class=\"wp-block-button is-style-outline is-style-outline--1\"><a class=\"wp-block-button__link has-custom-svakgr-n-background-color has-background has-medium-font-size has-custom-font-size wp-element-button\" href=\"https:\/\/svak.se\/wp-content\/uploads\/2024\/09\/SKK_RAS2020_2.pdf\" style=\"font-style:normal;font-weight:600\">H\u00e4r kan du l\u00e4sa hela strategin (pdf)<\/a><\/div>\n<\/div>\n<\/div>\n<\/div>\n<\/div><\/div>\n<\/div>\n\n\n\n<div style=\"height:40px\" aria-hidden=\"true\" class=\"wp-block-spacer\"><\/div>\n\n\n\n<div class=\"wp-block-group has-global-padding is-layout-constrained wp-container-core-group-is-layout-97829e9f wp-block-group-is-layout-constrained\" style=\"padding-right:var(--wp--preset--spacing--40);padding-left:var(--wp--preset--spacing--40)\">\n<hr class=\"wp-block-separator has-alpha-channel-opacity\"\/>\n\n\n\n<h3 class=\"wp-block-heading\">Uppf\u00f6dare<\/h3>\n\n\n\n<p>I dagsl\u00e4get finns ingen kopplad sida p\u00e5 vallreg f\u00f6r uppf\u00f6dare.<\/p>\n\n\n\n<hr class=\"wp-block-separator has-alpha-channel-opacity\"\/>\n\n\n\n<h3 class=\"wp-block-heading\">\u00d6vrig information om border collie:<\/h3>\n\n\n\n<ul class=\"wp-block-list\">\n<li><a href=\"https:\/\/svak.se\/wp-content\/uploads\/2024\/10\/SKK-registrering.pdf\">Registrering av border collie i Svenska Kennelklubben (pdf)&nbsp;<\/a>\u2013 g\u00f6rs av uppf\u00f6daren f\u00f6re leverans<\/li>\n\n\n\n<li><a href=\"http:\/\/www.jordbruksverket.se\/amnesomraden\/djur\/hundarochkatter\/hundregistret.4.207049b811dd8a513dc8000442.html\" target=\"_blank\" rel=\"noreferrer noopener\">Registrering i Jordbruksverket (JBV extern l\u00e4nk)<\/a>&nbsp; \u2013 g\u00f6rs av \u00e4garen efter leverans. Hunden ska allts\u00e5 vara registrerad&nbsp;<em>b\u00e5de i SKK och JBV<\/em>.<\/li>\n\n\n\n<li><a href=\"https:\/\/svak.se\/wp-content\/uploads\/2024\/10\/reg-utl-hanhund.pdf\">Registrering av valpar efter utl\u00e4ndsk hanhund (pdf)<\/a><\/li>\n<\/ul>\n\n\n\n<ul class=\"wp-block-list\">\n<li><a href=\"https:\/\/svak.se\/wp-content\/uploads\/2024\/10\/Import-av-hund.pdf\">Import av hund (pdf)<\/a><\/li>\n\n\n\n<li><a href=\"https:\/\/jordbruksverket.se\/djur\/hundar-katter-och-smadjur\/hundar\/resor-och-handel-med-hundar-mellan-lander\/ta-in-hundar-till-sverige\" target=\"_blank\" rel=\"noreferrer noopener\">Jordbrukets regler f\u00f6r import av hund (JBV extern l\u00e4nk)<\/a><\/li>\n<\/ul>\n\n\n\n<hr class=\"wp-block-separator has-alpha-channel-opacity\"\/>\n\n\n\n<h3 class=\"wp-block-heading\">Sjukdomar<\/h3>\n\n\n\n<p><a href=\"https:\/\/svak.se\/index.php\/2025\/02\/26\/anmal-sjukdom\/\" data-type=\"post\" data-id=\"11318\">Anm\u00e4l sjukdom<\/a> (formul\u00e4r)<\/p>\n\n\n\n<p><a href=\"https:\/\/shop.labogen.com\/en\">Att testa sin hund f\u00f6r CEA och IGS<\/a> (extern l\u00e4nk)<\/p>\n\n\n\n<hr class=\"wp-block-separator has-alpha-channel-opacity\"\/>\n<\/div>\n<\/div>\n","protected":false},"excerpt":{"rendered":"<p>Avel SVaK har avelsansvaret f\u00f6r Border Collie i Sverige. Det \u00e4r v\u00e5rt Avelsr\u00e5d&nbsp;som administrerar arbetet i f\u00f6reningen. Uppf\u00f6dare I dagsl\u00e4get finns ingen kopplad sida p\u00e5 vallreg f\u00f6r uppf\u00f6dare. \u00d6vrig information om border collie: Sjukdomar Anm\u00e4l sjukdom (formul\u00e4r) Att testa sin hund f\u00f6r CEA och IGS (extern l\u00e4nk)<\/p>\n","protected":false},"author":2,"featured_media":0,"parent":19,"menu_order":3,"comment_status":"closed","ping_status":"closed","template":"page-no-title","meta":{"_view_id":"","footnotes":""},"class_list":["post-27","page","type-page","status-publish","hentry"],"_links":{"self":[{"href":"https:\/\/svak.se\/index.php\/wp-json\/wp\/v2\/pages\/27","targetHints":{"allow":["GET"]}}],"collection":[{"href":"https:\/\/svak.se\/index.php\/wp-json\/wp\/v2\/pages"}],"about":[{"href":"https:\/\/svak.se\/index.php\/wp-json\/wp\/v2\/types\/page"}],"author":[{"embeddable":true,"href":"https:\/\/svak.se\/index.php\/wp-json\/wp\/v2\/users\/2"}],"replies":[{"embeddable":true,"href":"https:\/\/svak.se\/index.php\/wp-json\/wp\/v2\/comments?post=27"}],"version-history":[{"count":27,"href":"https:\/\/svak.se\/index.php\/wp-json\/wp\/v2\/pages\/27\/revisions"}],"predecessor-version":[{"id":11479,"href":"https:\/\/svak.se\/index.php\/wp-json\/wp\/v2\/pages\/27\/revisions\/11479"}],"up":[{"embeddable":true,"href":"https:\/\/svak.se\/index.php\/wp-json\/wp\/v2\/pages\/19"}],"wp:attachment":[{"href":"https:\/\/svak.se\/index.php\/wp-json\/wp\/v2\/media?parent=27"}],"curies":[{"name":"wp","href":"https:\/\/api.w.org\/{rel}","templated":true}]}}