{"id":23,"date":"2024-08-23T11:43:22","date_gmt":"2024-08-23T11:43:22","guid":{"rendered":"https:\/\/svak.se\/?page_id=23"},"modified":"2026-01-29T10:22:48","modified_gmt":"2026-01-29T09:22:48","slug":"utbildning","status":"publish","type":"page","link":"https:\/\/svak.se\/index.php\/utbildning\/","title":{"rendered":"Utbildning"},"content":{"rendered":"\n<div class=\"wp-block-group alignfull has-base-background-color has-background has-global-padding is-layout-constrained wp-container-core-group-is-layout-9bb8521d wp-block-group-is-layout-constrained\" style=\"padding-top:var(--wp--preset--spacing--20);padding-right:var(--wp--preset--spacing--30);padding-bottom:var(--wp--preset--spacing--20);padding-left:var(--wp--preset--spacing--30)\">\n<div class=\"wp-block-group has-global-padding is-layout-constrained wp-container-core-group-is-layout-f750054b wp-block-group-is-layout-constrained\">\n<h1 class=\"wp-block-heading has-text-align-center has-xx-large-font-size\">Utbildning<\/h1>\n\n\n\n<div style=\"height:1.25rem\" aria-hidden=\"true\" class=\"wp-block-spacer\"><\/div>\n\n\n\n<p class=\"has-text-align-center\">Svenska Vallhundsklubben erbjuder genom sina<a href=\"http:\/\/localhost:8888\/blocktest2\/2024\/01\/30\/svaks-lokalklubbar\/\" data-type=\"post\" data-id=\"9778\">&nbsp;<\/a><a href=\"https:\/\/svak.se\/index.php\/hem\/om\/\" data-type=\"post\" data-id=\"9778\">lokalklubbar<\/a>&nbsp;(sammanfaller oftast med l\u00e4nen) utbildningar f\u00f6r nya vallhunds\u00e4gare. M\u00e5ls\u00e4ttningen \u00e4r att l\u00e4ra f\u00f6rare och hund grundl\u00e4ggande samarbete i vallningen.<\/p>\n\n\n\n<div style=\"height:53px\" aria-hidden=\"true\" class=\"wp-block-spacer\"><\/div>\n\n\n\n<figure data-wp-context=\"{&quot;imageId&quot;:&quot;69ec9c657fd98&quot;}\" data-wp-interactive=\"core\/image\" data-wp-key=\"69ec9c657fd98\" class=\"wp-block-image alignfull size-full is-style-default wp-lightbox-container\"><img decoding=\"async\" width=\"1000\" height=\"668\" data-wp-class--hide=\"state.isContentHidden\" data-wp-class--show=\"state.isContentVisible\" data-wp-init=\"callbacks.setButtonStyles\" data-wp-on--click=\"actions.showLightbox\" data-wp-on--load=\"callbacks.setButtonStyles\" data-wp-on-window--resize=\"callbacks.setButtonStyles\" data-src=\"https:\/\/svak.se\/wp-content\/uploads\/2024\/09\/instruk_130504_21.jpg\" alt=\"Utbildning\" class=\"wp-image-273 lazyload\" data-srcset=\"https:\/\/svak.se\/wp-content\/uploads\/2024\/09\/instruk_130504_21.jpg 1000w, https:\/\/svak.se\/wp-content\/uploads\/2024\/09\/instruk_130504_21-300x200.jpg 300w, https:\/\/svak.se\/wp-content\/uploads\/2024\/09\/instruk_130504_21-768x513.jpg 768w\" data-sizes=\"(max-width: 1000px) 100vw, 1000px\" src=\"data:image\/svg+xml;base64,PHN2ZyB3aWR0aD0iMSIgaGVpZ2h0PSIxIiB4bWxucz0iaHR0cDovL3d3dy53My5vcmcvMjAwMC9zdmciPjwvc3ZnPg==\" style=\"--smush-placeholder-width: 1000px; --smush-placeholder-aspect-ratio: 1000\/668;\" \/><button\n\t\t\tclass=\"lightbox-trigger\"\n\t\t\ttype=\"button\"\n\t\t\taria-haspopup=\"dialog\"\n\t\t\taria-label=\"F\u00f6rstora\"\n\t\t\tdata-wp-init=\"callbacks.initTriggerButton\"\n\t\t\tdata-wp-on--click=\"actions.showLightbox\"\n\t\t\tdata-wp-style--right=\"state.imageButtonRight\"\n\t\t\tdata-wp-style--top=\"state.imageButtonTop\"\n\t\t>\n\t\t\t<svg xmlns=\"http:\/\/www.w3.org\/2000\/svg\" width=\"12\" height=\"12\" fill=\"none\" viewBox=\"0 0 12 12\">\n\t\t\t\t<path fill=\"#fff\" d=\"M2 0a2 2 0 0 0-2 2v2h1.5V2a.5.5 0 0 1 .5-.5h2V0H2Zm2 10.5H2a.5.5 0 0 1-.5-.5V8H0v2a2 2 0 0 0 2 2h2v-1.5ZM8 12v-1.5h2a.5.5 0 0 0 .5-.5V8H12v2a2 2 0 0 1-2 2H8Zm2-12a2 2 0 0 1 2 2v2h-1.5V2a.5.5 0 0 0-.5-.5H8V0h2Z\" \/>\n\t\t\t<\/svg>\n\t\t<\/button><\/figure>\n\n\n\n<div class=\"wp-block-group alignwide has-global-padding is-layout-constrained wp-container-core-group-is-layout-f45fafa9 wp-block-group-is-layout-constrained\" style=\"margin-top:0;margin-bottom:0;padding-top:var(--wp--preset--spacing--50);padding-right:0;padding-bottom:var(--wp--preset--spacing--30);padding-left:0\">\n<h2 class=\"wp-block-heading has-text-align-center\">Vad g\u00e4ller n\u00e4r du g\u00e5r en kurs?<\/h2>\n\n\n\n<div style=\"height:30px\" aria-hidden=\"true\" class=\"wp-block-spacer\"><\/div>\n\n\n\n<div class=\"wp-block-group alignwide has-global-padding is-layout-constrained wp-block-group-is-layout-constrained\">\n<div class=\"wp-block-group alignwide is-vertical is-layout-flex wp-container-core-group-is-layout-fe9cc265 wp-block-group-is-layout-flex\">\n<div class=\"wp-block-columns alignwide is-layout-flex wp-container-core-columns-is-layout-549b0c86 wp-block-columns-is-layout-flex\">\n<div class=\"wp-block-column is-layout-flow wp-container-core-column-is-layout-119bc444 wp-block-column-is-layout-flow\" style=\"flex-basis:36.37%\">\n<div class=\"wp-block-group has-global-padding is-layout-constrained wp-block-group-is-layout-constrained\">\n<h3 class=\"wp-block-heading is-style-asterisk\">Kurs i SVaK:s regi<\/h3>\n\n\n\n<ul class=\"wp-block-list\">\n<li>Kursen \u00e4r utlyst genom lokalklubben.<\/li>\n\n\n\n<li>Instrukt\u00f6ren \u00e4r utbildad p\u00e5 uppdrag av sin lokalklubb.<\/li>\n\n\n\n<li>Innan instrukt\u00f6ren f\u00e5r g\u00e5 steg 1-utbildningen har han\/hon g\u00e5tt bredvid en utbildad SVAK-instrukt\u00f6r under ett antal kurser. Han\/hon ska ocks\u00e5 sj\u00e4lv tr\u00e4nat upp minst tre hundar till god anv\u00e4ndbarhet d.v.s. hundar som klarar motsvarande minst 2:a pris iIK1\/NN1.<\/li>\n\n\n\n<li>Innan instrukt\u00f6ren slututbildas p\u00e5 steg 2-utbildningen har han\/hon arbetat mer aktivt ihop med en SVAK-utbildad instrukt\u00f6r under ett antal kurser.<\/li>\n\n\n\n<li>En instrukt\u00f6r deltar i minst en uppdateringsutbildning under en fyra\u00e5rsperiod.<\/li>\n\n\n\n<li>En instrukt\u00f6r som haft ett uppeh\u00e5ll som instrukt\u00f6r p\u00e5 tv\u00e5 \u00e5r eller mer genomg\u00e5r en uppdateringskurs innan han\/hon b\u00f6rjar arbeta igen.<\/li>\n\n\n\n<li><a href=\"https:\/\/svak.se\/wp-content\/uploads\/2025\/10\/2_UBKs-policy-november-2024-1-2.pdf\">Se hela policyn f\u00f6r Instrukt\u00f6rsutbildning h\u00e4r<\/a><\/li>\n<\/ul>\n<\/div>\n\n\n\n<div class=\"wp-block-group has-global-padding is-layout-constrained wp-block-group-is-layout-constrained\">\n<h3 class=\"wp-block-heading is-style-asterisk\">Olika uppl\u00e4gg<\/h3>\n\n\n\n<p>Klubbarnas kurser \u00e4r lite olika upplagda men f\u00f6r det mesta delas undervisningen upp i en nyb\u00f6rjarkurs och en forts\u00e4ttningskurs p\u00e5 vardera 6-12 tr\u00e4ffar. \u00c4ven f\u00f6rberedande kurser f\u00f6r valpar och unghundar erbjuds i vissa klubbar. Ofta sprids dessa kurstillf\u00e4llen ut \u00f6ver ett \u00e5r. <br><\/p>\n<\/div>\n<\/div>\n\n\n\n<div class=\"wp-block-column is-layout-flow wp-block-column-is-layout-flow\" style=\"flex-basis:30.3%\">\n<p>Det g\u00e5r n\u00e4mligen inte att l\u00e4ra sig sj\u00e4lv och hunden att valla tillsammans bara genom att g\u00e5 kurs. Det kr\u00e4vs ocks\u00e5 tid f\u00f6r tr\u00e4ning mellan kurstillf\u00e4llena. Tiden \u00e4r ocks\u00e5 en viktig faktor f\u00f6r att hunden ska hinna mogna i sitt beteende.<\/p>\n\n\n\n<h3 class=\"wp-block-heading has-text-align-left is-style-asterisk\">K\u00f6<\/h3>\n\n\n\n<p>Det h\u00e4nder ganska ofta att det \u00e4r k\u00f6 till vallhundskurserna. De flesta klubbar brukar d\u00e5 ge f\u00f6retr\u00e4de \u00e5t djur\u00e4gare som beh\u00f6ver hunden i sitt arbete.<\/p>\n\n\n\n<p>De flesta klubbar tar inte heller emot elever som inte har tillg\u00e5ng till djur att tr\u00e4na p\u00e5 eftersom kurstillf\u00e4llena bara kan ses som instruktion \u2013 sj\u00e4lva tr\u00e4ningen m\u00e5ste man vara beredd att l\u00e4gga m\u00e5nga timmar p\u00e5 sj\u00e4lv mellan kurstillf\u00e4llena. <br><\/p>\n\n\n\n<h3 class=\"wp-block-heading is-style-asterisk\">Medlemskap<\/h3>\n\n\n\n<p>Efter fullgjord forts\u00e4ttningskurs b\u00f6r hunden kunna h\u00e4mta djur p\u00e5 75-100 meters h\u00e5ll, r\u00f6ra sig fritt runt djuren \u00e5t b\u00e5da h\u00e5ll utan att komma f\u00f6r n\u00e4ra eller stressa dem samt driva djur i ett balanserat tempo.<br>De flesta klubbar ordnar ocks\u00e5 tr\u00e4ningstr\u00e4ffar och liknande f\u00f6r sina medlemmar.<br><\/p>\n<\/div>\n\n\n\n<div class=\"wp-block-column is-layout-flow wp-block-column-is-layout-flow\" style=\"flex-basis:33.33%\">\n<p>Vill du anm\u00e4la dig till kurs ska du kontakta den utbildningsansvariga i ditt omr\u00e5de, eller s\u00f6k information om kurser p\u00e5 din lokalklubbs hemsida. <em>Observera att det kr\u00e4vs medlemskap i SVAK f\u00f6r att f\u00e5 g\u00e5 kurs.<\/em><\/p>\n\n\n\n<h3 class=\"wp-block-heading is-style-asterisk\">Instrukt\u00f6rerna<\/h3>\n\n\n\n<p>En grundbult i verksamheten \u00e4r att instrukt\u00f6rerna utbildas p\u00e5 uppdrag av sin lokalklubb och allts\u00e5 \u00e4r en person som har klubbens f\u00f6rtroende. <br><\/p>\n\n\n\n<p>D\u00e4rut\u00f6ver g\u00e5r instrukt\u00f6ren en utbildning i tv\u00e5 steg och m\u00e5ste sedan ocks\u00e5 uppdatera sig med j\u00e4mna mellanrum. I alla lokalklubbar finns ocks\u00e5 en utbildningsansvarig (UBA) som du kan v\u00e4nda dig till med synpunkter eller fr\u00e5gor om v\u00e5ra kurser.<\/p>\n\n\n\n<h3 class=\"wp-block-heading has-text-align-left is-style-asterisk\">Godk\u00e4nd Vallhund<\/h3>\n\n\n\n<p>N\u00e4r f\u00f6raren l\u00e4rt sig att hantera sin hund tillr\u00e4ckligt f\u00f6r att kunna utf\u00f6ra enklare arbeten med djur brukar ekipaget ocks\u00e5 vara redo att klara ett vallhundsprov. Vid tillr\u00e4ckligt antal po\u00e4ng f\u00e5r hunden st\u00e4mpeln Godk\u00e4nd Vallhund i sin stamtavla.<br>SVAKs instrukt\u00f6rer har egen erfarenhet av att tr\u00e4na upp vallhundar till god standard samt har g\u00e5tt igenom en instrukt\u00f6rsutbildning.<\/p>\n<\/div>\n<\/div>\n<\/div>\n<\/div>\n<\/div>\n\n\n\n<p class=\"has-custom-svakgr-n-color has-text-color has-link-color wp-elements-68779d0b90fe0e383a45fa5c474ee84f\" style=\"font-size:clamp(45.368px, 2.836rem + ((1vw - 3.2px) * 4.441), 88px);font-style:italic;font-weight:800\">Vill du g\u00e5 kurs?<\/p>\n\n\n\n<p class=\"has-custom-svakgr-n-color has-text-color has-link-color wp-elements-16667bbfba453d96e39a1ad190f26633\" style=\"font-size:clamp(22.041px, 1.378rem + ((1vw - 3.2px) * 1.454), 36px);font-style:italic;font-weight:800\">Kontakta n\u00e5gon av v\u00e5ra regionansvariga s\u00e5 guidar de dig r\u00e4tt.<\/p>\n\n\n\n<div class=\"wp-block-group alignfull has-global-padding is-layout-constrained wp-block-group-is-layout-constrained\" style=\"padding-top:0;padding-bottom:0\">\n<div class=\"wp-block-cover alignfull has-custom-content-position is-position-top-left\" style=\"margin-top:0;padding-top:2.2vw;padding-right:5vw;padding-bottom:2.2vw;padding-left:5vw;min-height:50vh;aspect-ratio:unset;\"><img decoding=\"async\" width=\"1024\" height=\"1024\" class=\"wp-block-cover__image-background wp-image-10262 size-full lazyload\" alt=\"\" data-src=\"http:\/\/localhost:8888\/test\/wp-content\/uploads\/2024\/09\/ZTILL-in-action-1024x1024-1.jpg\" data-object-fit=\"cover\" data-srcset=\"https:\/\/svak.se\/wp-content\/uploads\/2024\/09\/ZTILL-in-action-1024x1024-1.jpg 1024w, https:\/\/svak.se\/wp-content\/uploads\/2024\/09\/ZTILL-in-action-1024x1024-1-300x300.jpg 300w, https:\/\/svak.se\/wp-content\/uploads\/2024\/09\/ZTILL-in-action-1024x1024-1-150x150.jpg 150w, https:\/\/svak.se\/wp-content\/uploads\/2024\/09\/ZTILL-in-action-1024x1024-1-768x768.jpg 768w\" data-sizes=\"(max-width: 1024px) 100vw, 1024px\" src=\"data:image\/svg+xml;base64,PHN2ZyB3aWR0aD0iMSIgaGVpZ2h0PSIxIiB4bWxucz0iaHR0cDovL3d3dy53My5vcmcvMjAwMC9zdmciPjwvc3ZnPg==\" style=\"--smush-placeholder-width: 1024px; --smush-placeholder-aspect-ratio: 1024\/1024;\" \/><span aria-hidden=\"true\" class=\"wp-block-cover__background has-custom-svakgr-n-background-color has-background-dim-90 has-background-dim\"><\/span><div class=\"wp-block-cover__inner-container is-layout-flow wp-block-cover-is-layout-flow\">\n<div class=\"wp-block-group wp-container-content-9cfa9a5a is-vertical is-nowrap is-layout-flex wp-container-core-group-is-layout-2890af74 wp-block-group-is-layout-flex\">\n<p class=\"has-text-align-left has-source-serif-pro-font-family has-base-2-color has-text-color\" style=\"font-size:clamp(45.368px, 2.836rem + ((1vw - 3.2px) * 4.441), 88px);font-style:italic;font-weight:900;letter-spacing:-2px;line-height:1.1;text-transform:none\">region 1<\/p>\n<\/div>\n\n\n\n<h3 class=\"wp-block-heading\" style=\"font-style:normal;font-weight:700;line-height:1.6\">Norrbottens VF<br>VK- Nord<br>AC-vallarna<br>Angervallarna<br>J\u00e4mtland-H\u00e4rjedalen VK<\/h3>\n\n\n\n<h3 class=\"wp-block-heading has-base-2-color has-text-color has-link-color wp-elements-1b27f196ac8db2e5e284d52ac90e2aa0\" style=\"text-decoration:underline\"><strong><a href=\"mailto: ubk_region1@svak.se\">Kontakta: ubk_region1@svak.se<\/a><\/strong><\/h3>\n<\/div><\/div>\n\n\n\n<div style=\"height:55px\" aria-hidden=\"true\" class=\"wp-block-spacer\"><\/div>\n\n\n\n<div class=\"wp-block-cover alignfull has-custom-content-position is-position-top-left\" style=\"margin-top:0;padding-top:2.2vw;padding-right:5vw;padding-bottom:2.2vw;padding-left:5vw;min-height:50vh;aspect-ratio:unset;\"><img decoding=\"async\" width=\"1024\" height=\"1024\" class=\"wp-block-cover__image-background wp-image-10262 size-full lazyload\" alt=\"\" data-src=\"http:\/\/localhost:8888\/test\/wp-content\/uploads\/2024\/09\/ZTILL-in-action-1024x1024-1.jpg\" data-object-fit=\"cover\" data-srcset=\"https:\/\/svak.se\/wp-content\/uploads\/2024\/09\/ZTILL-in-action-1024x1024-1.jpg 1024w, https:\/\/svak.se\/wp-content\/uploads\/2024\/09\/ZTILL-in-action-1024x1024-1-300x300.jpg 300w, https:\/\/svak.se\/wp-content\/uploads\/2024\/09\/ZTILL-in-action-1024x1024-1-150x150.jpg 150w, https:\/\/svak.se\/wp-content\/uploads\/2024\/09\/ZTILL-in-action-1024x1024-1-768x768.jpg 768w\" data-sizes=\"(max-width: 1024px) 100vw, 1024px\" src=\"data:image\/svg+xml;base64,PHN2ZyB3aWR0aD0iMSIgaGVpZ2h0PSIxIiB4bWxucz0iaHR0cDovL3d3dy53My5vcmcvMjAwMC9zdmciPjwvc3ZnPg==\" style=\"--smush-placeholder-width: 1024px; --smush-placeholder-aspect-ratio: 1024\/1024;\" \/><span aria-hidden=\"true\" class=\"wp-block-cover__background has-custom-svakgr-n-background-color has-background-dim-90 has-background-dim\"><\/span><div class=\"wp-block-cover__inner-container is-layout-flow wp-block-cover-is-layout-flow\">\n<div class=\"wp-block-group wp-container-content-9cfa9a5a is-vertical is-nowrap is-layout-flex wp-container-core-group-is-layout-2890af74 wp-block-group-is-layout-flex\">\n<p class=\"has-text-align-left has-source-serif-pro-font-family has-base-2-color has-text-color\" style=\"font-size:clamp(45.368px, 2.836rem + ((1vw - 3.2px) * 4.441), 88px);font-style:italic;font-weight:900;letter-spacing:-2px;line-height:1.1;text-transform:none\">region 2<\/p>\n<\/div>\n\n\n\n<h3 class=\"wp-block-heading\" style=\"font-style:normal;font-weight:700;line-height:1.6\">Dalarnas VK <br>X-l\u00e4ns VK<br>Westmanlands VK<br>V\u00e4rmlandsvallarna<\/h3>\n\n\n\n<h3 class=\"wp-block-heading has-base-2-color has-text-color has-link-color wp-elements-f1c841a66f4a7443de470824da8a6ead\" style=\"text-decoration:underline\"><strong><a href=\"mailto:ubk_region2@svak.se\">Kontakta: ubk_region2@svak.se<\/a><\/strong><\/h3>\n<\/div><\/div>\n\n\n\n<div style=\"height:55px\" aria-hidden=\"true\" class=\"wp-block-spacer\"><\/div>\n\n\n\n<div class=\"wp-block-cover alignfull has-custom-content-position is-position-top-left\" style=\"margin-top:0;padding-top:2.2vw;padding-right:5vw;padding-bottom:2.2vw;padding-left:5vw;min-height:50vh;aspect-ratio:unset;\"><img decoding=\"async\" width=\"1024\" height=\"1024\" class=\"wp-block-cover__image-background wp-image-10262 size-full lazyload\" alt=\"\" data-src=\"http:\/\/localhost:8888\/test\/wp-content\/uploads\/2024\/09\/ZTILL-in-action-1024x1024-1.jpg\" data-object-fit=\"cover\" data-srcset=\"https:\/\/svak.se\/wp-content\/uploads\/2024\/09\/ZTILL-in-action-1024x1024-1.jpg 1024w, https:\/\/svak.se\/wp-content\/uploads\/2024\/09\/ZTILL-in-action-1024x1024-1-300x300.jpg 300w, https:\/\/svak.se\/wp-content\/uploads\/2024\/09\/ZTILL-in-action-1024x1024-1-150x150.jpg 150w, https:\/\/svak.se\/wp-content\/uploads\/2024\/09\/ZTILL-in-action-1024x1024-1-768x768.jpg 768w\" data-sizes=\"(max-width: 1024px) 100vw, 1024px\" src=\"data:image\/svg+xml;base64,PHN2ZyB3aWR0aD0iMSIgaGVpZ2h0PSIxIiB4bWxucz0iaHR0cDovL3d3dy53My5vcmcvMjAwMC9zdmciPjwvc3ZnPg==\" style=\"--smush-placeholder-width: 1024px; --smush-placeholder-aspect-ratio: 1024\/1024;\" \/><span aria-hidden=\"true\" class=\"wp-block-cover__background has-custom-svakgr-n-background-color has-background-dim-90 has-background-dim\"><\/span><div class=\"wp-block-cover__inner-container is-layout-flow wp-block-cover-is-layout-flow\">\n<div class=\"wp-block-group wp-container-content-9cfa9a5a is-vertical is-nowrap is-layout-flex wp-container-core-group-is-layout-2890af74 wp-block-group-is-layout-flex\">\n<p class=\"has-text-align-left has-source-serif-pro-font-family has-base-2-color has-text-color\" style=\"font-size:clamp(45.368px, 2.836rem + ((1vw - 3.2px) * 4.441), 88px);font-style:italic;font-weight:900;letter-spacing:-2px;line-height:1.1;text-transform:none\">region 3<\/p>\n<\/div>\n\n\n\n<h3 class=\"wp-block-heading\" style=\"font-style:normal;font-weight:700;line-height:1.6\">Bergslagens VK&nbsp;<br>Upplands&nbsp;VK<br>S\u00f6rmlands VK<br>M\u00e4larm\u00e5rden VK<br>Gotlands VK<br>\u00d6sterg\u00f6tlands VK<\/h3>\n\n\n\n<h3 class=\"wp-block-heading has-base-2-color has-text-color has-link-color wp-elements-0b720a9f36ff5a531a596cf6d3751302\" style=\"text-decoration:underline\"><a href=\"mailto:ubk_region3@svak.se\"><strong>Kontakta: ubk_region3@svak.se<\/strong><\/a><\/h3>\n<\/div><\/div>\n\n\n\n<div style=\"height:55px\" aria-hidden=\"true\" class=\"wp-block-spacer\"><\/div>\n\n\n\n<div class=\"wp-block-cover alignfull has-custom-content-position is-position-top-left\" style=\"margin-top:0;padding-top:2.2vw;padding-right:5vw;padding-bottom:2.2vw;padding-left:5vw;min-height:50vh;aspect-ratio:unset;\"><img decoding=\"async\" width=\"1024\" height=\"1024\" class=\"wp-block-cover__image-background wp-image-10262 size-full lazyload\" alt=\"\" data-src=\"http:\/\/localhost:8888\/test\/wp-content\/uploads\/2024\/09\/ZTILL-in-action-1024x1024-1.jpg\" data-object-fit=\"cover\" data-srcset=\"https:\/\/svak.se\/wp-content\/uploads\/2024\/09\/ZTILL-in-action-1024x1024-1.jpg 1024w, https:\/\/svak.se\/wp-content\/uploads\/2024\/09\/ZTILL-in-action-1024x1024-1-300x300.jpg 300w, https:\/\/svak.se\/wp-content\/uploads\/2024\/09\/ZTILL-in-action-1024x1024-1-150x150.jpg 150w, https:\/\/svak.se\/wp-content\/uploads\/2024\/09\/ZTILL-in-action-1024x1024-1-768x768.jpg 768w\" data-sizes=\"(max-width: 1024px) 100vw, 1024px\" src=\"data:image\/svg+xml;base64,PHN2ZyB3aWR0aD0iMSIgaGVpZ2h0PSIxIiB4bWxucz0iaHR0cDovL3d3dy53My5vcmcvMjAwMC9zdmciPjwvc3ZnPg==\" style=\"--smush-placeholder-width: 1024px; --smush-placeholder-aspect-ratio: 1024\/1024;\" \/><span aria-hidden=\"true\" class=\"wp-block-cover__background has-custom-svakgr-n-background-color has-background-dim-90 has-background-dim\"><\/span><div class=\"wp-block-cover__inner-container is-layout-flow wp-block-cover-is-layout-flow\">\n<div class=\"wp-block-group wp-container-content-9cfa9a5a is-vertical is-nowrap is-layout-flex wp-container-core-group-is-layout-2890af74 wp-block-group-is-layout-flex\">\n<p class=\"has-text-align-left has-source-serif-pro-font-family has-base-2-color has-text-color\" style=\"font-size:clamp(45.368px, 2.836rem + ((1vw - 3.2px) * 4.441), 88px);font-style:italic;font-weight:900;letter-spacing:-2px;line-height:1.1;text-transform:none\">region 4<\/p>\n<\/div>\n\n\n\n<h3 class=\"wp-block-heading\" style=\"font-style:normal;font-weight:700;line-height:1.6\">Bohusl\u00e4n-Dals VK<br><strong>Skaraborgs Aktiva Vallare<\/strong><br>Vallhundsringen<br><strong>Sjuh\u00e4radsvalla<\/strong>rna<br><strong>V\u00e4stsvenska VK<\/strong><br><strong>Tjustvallarna<\/strong><\/h3>\n\n\n\n<h3 class=\"wp-block-heading has-base-2-color has-text-color has-link-color wp-elements-cd2d0b0bdcf06cb984241150003240ef\" style=\"text-decoration:underline\"><a href=\"mailto: ubk_region4@svak.se\"><strong>Kontakta: ubk_region4@svak.se<\/strong><\/a><\/h3>\n<\/div><\/div>\n\n\n\n<div style=\"height:55px\" aria-hidden=\"true\" class=\"wp-block-spacer\"><\/div>\n\n\n\n<div class=\"wp-block-cover alignfull has-custom-content-position is-position-top-left\" style=\"margin-top:0;padding-top:2.2vw;padding-right:5vw;padding-bottom:2.2vw;padding-left:5vw;min-height:50vh;aspect-ratio:unset;\"><img decoding=\"async\" width=\"1024\" height=\"1024\" class=\"wp-block-cover__image-background wp-image-10262 size-full lazyload\" alt=\"\" data-src=\"http:\/\/localhost:8888\/test\/wp-content\/uploads\/2024\/09\/ZTILL-in-action-1024x1024-1.jpg\" data-object-fit=\"cover\" data-srcset=\"https:\/\/svak.se\/wp-content\/uploads\/2024\/09\/ZTILL-in-action-1024x1024-1.jpg 1024w, https:\/\/svak.se\/wp-content\/uploads\/2024\/09\/ZTILL-in-action-1024x1024-1-300x300.jpg 300w, https:\/\/svak.se\/wp-content\/uploads\/2024\/09\/ZTILL-in-action-1024x1024-1-150x150.jpg 150w, https:\/\/svak.se\/wp-content\/uploads\/2024\/09\/ZTILL-in-action-1024x1024-1-768x768.jpg 768w\" data-sizes=\"(max-width: 1024px) 100vw, 1024px\" src=\"data:image\/svg+xml;base64,PHN2ZyB3aWR0aD0iMSIgaGVpZ2h0PSIxIiB4bWxucz0iaHR0cDovL3d3dy53My5vcmcvMjAwMC9zdmciPjwvc3ZnPg==\" style=\"--smush-placeholder-width: 1024px; --smush-placeholder-aspect-ratio: 1024\/1024;\" \/><span aria-hidden=\"true\" class=\"wp-block-cover__background has-custom-svakgr-n-background-color has-background-dim-90 has-background-dim\"><\/span><div class=\"wp-block-cover__inner-container is-layout-flow wp-block-cover-is-layout-flow\">\n<div class=\"wp-block-group wp-container-content-9cfa9a5a is-vertical is-nowrap is-layout-flex wp-container-core-group-is-layout-2890af74 wp-block-group-is-layout-flex\">\n<p class=\"has-text-align-left has-source-serif-pro-font-family has-base-2-color has-text-color\" style=\"font-size:clamp(45.368px, 2.836rem + ((1vw - 3.2px) * 4.441), 88px);font-style:italic;font-weight:900;letter-spacing:-2px;line-height:1.1;text-transform:none\">region 5<\/p>\n<\/div>\n\n\n\n<h3 class=\"wp-block-heading\" style=\"font-style:normal;font-weight:700;line-height:1.6\">Sm\u00e5lands VK<br>Sk\u00e5nes VK<br>Kronobergs VK<br>Syd\u00f6stra Sveriges VK<br>Blekinge VK<\/h3>\n\n\n\n<h3 class=\"wp-block-heading has-base-2-color has-text-color has-link-color wp-elements-413c2b59fdb715201a0e9e61427258d0\" style=\"text-decoration:underline\"><a href=\"mailto: ubk_region5@svak.se\"><strong>Kontakta: ubk_region5@svak.se<\/strong><\/a><\/h3>\n<\/div><\/div>\n<\/div>\n<\/div>\n<\/div>\n","protected":false},"excerpt":{"rendered":"<p>Utbildning Svenska Vallhundsklubben erbjuder genom sina&nbsp;lokalklubbar&nbsp;(sammanfaller oftast med l\u00e4nen) utbildningar f\u00f6r nya vallhunds\u00e4gare. M\u00e5ls\u00e4ttningen \u00e4r att l\u00e4ra f\u00f6rare och hund grundl\u00e4ggande samarbete i vallningen. Vad g\u00e4ller n\u00e4r du g\u00e5r en kurs? Kurs i SVaK:s regi Olika uppl\u00e4gg Klubbarnas kurser \u00e4r lite olika upplagda men f\u00f6r det mesta delas undervisningen upp i en nyb\u00f6rjarkurs och en [&hellip;]<\/p>\n","protected":false},"author":2,"featured_media":0,"parent":0,"menu_order":0,"comment_status":"closed","ping_status":"closed","template":"page-no-title","meta":{"_view_id":"","footnotes":""},"class_list":["post-23","page","type-page","status-publish","hentry"],"_links":{"self":[{"href":"https:\/\/svak.se\/index.php\/wp-json\/wp\/v2\/pages\/23","targetHints":{"allow":["GET"]}}],"collection":[{"href":"https:\/\/svak.se\/index.php\/wp-json\/wp\/v2\/pages"}],"about":[{"href":"https:\/\/svak.se\/index.php\/wp-json\/wp\/v2\/types\/page"}],"author":[{"embeddable":true,"href":"https:\/\/svak.se\/index.php\/wp-json\/wp\/v2\/users\/2"}],"replies":[{"embeddable":true,"href":"https:\/\/svak.se\/index.php\/wp-json\/wp\/v2\/comments?post=23"}],"version-history":[{"count":21,"href":"https:\/\/svak.se\/index.php\/wp-json\/wp\/v2\/pages\/23\/revisions"}],"predecessor-version":[{"id":11838,"href":"https:\/\/svak.se\/index.php\/wp-json\/wp\/v2\/pages\/23\/revisions\/11838"}],"wp:attachment":[{"href":"https:\/\/svak.se\/index.php\/wp-json\/wp\/v2\/media?parent=23"}],"curies":[{"name":"wp","href":"https:\/\/api.w.org\/{rel}","templated":true}]}}