{"id":21,"date":"2024-08-23T11:42:31","date_gmt":"2024-08-23T11:42:31","guid":{"rendered":"https:\/\/svak.se\/?page_id=21"},"modified":"2026-02-19T11:31:14","modified_gmt":"2026-02-19T10:31:14","slug":"tavlingar","status":"publish","type":"page","link":"https:\/\/svak.se\/index.php\/tavlingar\/","title":{"rendered":"T\u00e4vla"},"content":{"rendered":"\n<div class=\"wp-block-group alignwide has-global-padding is-layout-constrained wp-block-group-is-layout-constrained\">\n<figure data-wp-context=\"{&quot;imageId&quot;:&quot;69ec9b6f72656&quot;}\" data-wp-interactive=\"core\/image\" data-wp-key=\"69ec9b6f72656\" class=\"wp-block-image size-full is-resized wp-lightbox-container\"><img decoding=\"async\" width=\"1000\" height=\"750\" data-wp-class--hide=\"state.isContentHidden\" data-wp-class--show=\"state.isContentVisible\" data-wp-init=\"callbacks.setButtonStyles\" data-wp-on--click=\"actions.showLightbox\" data-wp-on--load=\"callbacks.setButtonStyles\" data-wp-on-window--resize=\"callbacks.setButtonStyles\" data-src=\"https:\/\/svak.se\/wp-content\/uploads\/2024\/10\/hackeberga170506_06.jpg\" alt=\"\" class=\"wp-image-329 lazyload\" style=\"--smush-placeholder-width: 1000px; --smush-placeholder-aspect-ratio: 1000\/750;aspect-ratio:1.7777777777777777;object-fit:cover;width:1037px;height:auto\" data-srcset=\"https:\/\/svak.se\/wp-content\/uploads\/2024\/10\/hackeberga170506_06.jpg 1000w, https:\/\/svak.se\/wp-content\/uploads\/2024\/10\/hackeberga170506_06-300x225.jpg 300w, https:\/\/svak.se\/wp-content\/uploads\/2024\/10\/hackeberga170506_06-768x576.jpg 768w\" data-sizes=\"(max-width: 1000px) 100vw, 1000px\" src=\"data:image\/svg+xml;base64,PHN2ZyB3aWR0aD0iMSIgaGVpZ2h0PSIxIiB4bWxucz0iaHR0cDovL3d3dy53My5vcmcvMjAwMC9zdmciPjwvc3ZnPg==\" \/><button\n\t\t\tclass=\"lightbox-trigger\"\n\t\t\ttype=\"button\"\n\t\t\taria-haspopup=\"dialog\"\n\t\t\taria-label=\"F\u00f6rstora\"\n\t\t\tdata-wp-init=\"callbacks.initTriggerButton\"\n\t\t\tdata-wp-on--click=\"actions.showLightbox\"\n\t\t\tdata-wp-style--right=\"state.imageButtonRight\"\n\t\t\tdata-wp-style--top=\"state.imageButtonTop\"\n\t\t>\n\t\t\t<svg xmlns=\"http:\/\/www.w3.org\/2000\/svg\" width=\"12\" height=\"12\" fill=\"none\" viewBox=\"0 0 12 12\">\n\t\t\t\t<path fill=\"#fff\" d=\"M2 0a2 2 0 0 0-2 2v2h1.5V2a.5.5 0 0 1 .5-.5h2V0H2Zm2 10.5H2a.5.5 0 0 1-.5-.5V8H0v2a2 2 0 0 0 2 2h2v-1.5ZM8 12v-1.5h2a.5.5 0 0 0 .5-.5V8H12v2a2 2 0 0 1-2 2H8Zm2-12a2 2 0 0 1 2 2v2h-1.5V2a.5.5 0 0 0-.5-.5H8V0h2Z\" \/>\n\t\t\t<\/svg>\n\t\t<\/button><\/figure>\n\n\n\n<h3 class=\"wp-block-heading\" style=\"line-height:1.4\">Prov- och T\u00e4vlingsformer<\/h3>\n\n\n\n<div class=\"wp-block-columns is-layout-flex wp-container-core-columns-is-layout-28f84493 wp-block-columns-is-layout-flex\">\n<div class=\"wp-block-column is-layout-flow wp-block-column-is-layout-flow\">\n<div class=\"wp-block-group has-global-padding is-layout-constrained wp-block-group-is-layout-constrained\">\n<p class=\"has-medium-font-size\" style=\"font-style:normal;font-weight:500\">Godk\u00e4nt Vallhundsprov (VP)<\/p>\n\n\n\n<p>Det finns b\u00e5de p\u00e5 f\u00e5r och n\u00f6t. <br>Vallhundsprovet \u00e4r ingen t\u00e4vling utan ett prov, som syftar till att verka f\u00f6r att bevara och vidareutveckla den arbetande vallhundens bruksegenskaper. Det \u00e4r hundens arbete som f\u00f6rst och fr\u00e4mst bed\u00f6ms. M\u00e5lmedvetenhet, arbete, tempo, effektivitet, djurhantering och riktning \u00e4r det domarna tittar p\u00e5.<\/p>\n\n\n\n<p>F\u00f6r att f\u00e5 registrera border collie i SKK kr\u00e4vs att b\u00e5da f\u00f6r\u00e4ldrarna \u00e4r godk\u00e4nda vallhundar.\u2028F\u00f6r att f\u00e5 t\u00e4vla SM och CK kr\u00e4vs att hunden \u00e4r godk\u00e4nd vallhund.<\/p>\n<\/div>\n\n\n\n<div class=\"wp-block-group has-global-padding is-layout-constrained wp-block-group-is-layout-constrained\">\n<p class=\"has-medium-font-size\" style=\"font-style:normal;font-weight:500\">IK1 \u2013 klass 1 f\u00e5r<\/p>\n\n\n\n<p>Provet best\u00e5r av h\u00e4mt, f\u00f6sning, drivning, delning och f\u00e5lla in. De sista tv\u00e5 momenten kan variera och bytas mot tex. tratt eller r\u00e4nna. H\u00e4r konkurrerar man om placering och rankingpo\u00e4ng till bland annat&nbsp;Unghundscupen. Rankinglistor finns p\u00e5&nbsp;Vallreg. Hunden kan \u00e4ven ta meriten 1-pris, 2-pris och 3-pris vilka noteras under hundens sida p\u00e5 Vallreg. F\u00f6r att tikar ska f\u00e5 vara med i Valpf\u00f6rmedlingen kr\u00e4vs minst 2-pris.\u2028Hunden beh\u00f6ver inte vara godk\u00e4nd vallhund f\u00f6r att starta IK1.<\/p>\n<\/div>\n\n\n\n<div class=\"wp-block-group has-global-padding is-layout-constrained wp-block-group-is-layout-constrained\">\n<p class=\"has-medium-font-size\" style=\"font-style:normal;font-weight:500\">IK2 \u2013 &nbsp;klass 2 f\u00e5r<\/p>\n\n\n\n<p>Provet best\u00e5r av h\u00e4mt, fr\u00e5ndrivning, delning\/singling och f\u00e5lla\/tratt\/r\u00e4nna. T\u00e4vlingen kan \u00e4ven utformas med dubbelh\u00e4mt. Mer detaljerat kan du l\u00e4sa i&nbsp;regler och anvisningar.&nbsp;&nbsp;H\u00e4r konkurrerar man om placering och rankingpo\u00e4ng till bland annat SM.<\/p>\n<\/div>\n<\/div>\n\n\n\n<div class=\"wp-block-column is-layout-flow wp-block-column-is-layout-flow\">\n<div class=\"wp-block-group has-global-padding is-layout-constrained wp-block-group-is-layout-constrained\">\n<p class=\"has-medium-font-size\" style=\"font-style:normal;font-weight:500\">NN1 -klass 1 n\u00f6t<\/p>\n\n\n\n<p>Provet best\u00e5r av bla h\u00e4mt, f\u00f6sning, drivning och f\u00e5lla. H\u00e4r konkurrerar man om placering och kan ta meriten 1-pris, 2-pris och 3-pris vilka noteras under hundens sida p\u00e5 Vallreg.F\u00f6r att tikar ska f\u00e5 vara med i Valpf\u00f6rmedlingen kr\u00e4vs minst 2-pris.\u2028Hunden beh\u00f6ver inte vara godk\u00e4nd vallhund f\u00f6r att starta NN1.<\/p>\n<\/div>\n\n\n\n<div class=\"wp-block-group has-global-padding is-layout-constrained wp-block-group-is-layout-constrained\">\n<p class=\"has-medium-font-size\" style=\"font-style:normal;font-weight:500\">NN2 \u2013 klass 2 n\u00f6t<\/p>\n\n\n\n<p>Provet best\u00e5r av bla h\u00e4mt, fr\u00e5ndrivning, delning\/sortering, f\u00e5lla.&nbsp;Mer detaljerat kan du l\u00e4sa i&nbsp;regler och anvisningar.&nbsp;H\u00e4r konkurrerar man om placering och rankingpo\u00e4ng till bland annat SM.<\/p>\n<\/div>\n\n\n\n<div class=\"wp-block-group has-global-padding is-layout-constrained wp-block-group-is-layout-constrained\">\n<p class=\"has-medium-font-size\" style=\"font-style:normal;font-weight:500\">CK \u2013 certklass<\/p>\n\n\n\n<p>Det finns b\u00e5de p\u00e5 f\u00e5r och n\u00f6t. H\u00e4r tilldelas de tre f\u00f6rsta ekipagen Cert. F\u00f6r att bli Vallhundschampion kr\u00e4vs tre cert. F\u00f6r att f\u00e5 delta i CK m\u00e5ste hunden vara Godk\u00e4nd Vallhund.<\/p>\n<\/div>\n\n\n\n<div class=\"wp-block-group has-global-padding is-layout-constrained wp-block-group-is-layout-constrained\">\n<p class=\"has-medium-font-size\" style=\"font-style:normal;font-weight:500\">Regler och anvisningar<\/p>\n\n\n\n<p>T\u00e4nk p\u00e5 att regler bara \u00e4ndras vart fj\u00e4rde \u00e5r medan anvisningar kan uppdateras \u00e5rligen. Som t\u00e4vlande \u00e4r du skyldig k\u00e4nna till b\u00e5de regler och anvisningar.<\/p>\n\n\n\n<p><a href=\"https:\/\/svak.se\/wp-content\/uploads\/2025\/02\/Regelbok-2022-2026.pdf\">Regelbok (pdf)<\/a><\/p>\n\n\n\n<p><a href=\"https:\/\/svak.se\/wp-content\/uploads\/2025\/08\/Tavlingsanvisningar-2025-2026.pdf\">T\u00e4vlingsanvisningar 2025-2026 (pdf)<\/a><\/p>\n<\/div>\n<\/div>\n<\/div>\n<\/div>\n","protected":false},"excerpt":{"rendered":"<p>Prov- och T\u00e4vlingsformer Godk\u00e4nt Vallhundsprov (VP) Det finns b\u00e5de p\u00e5 f\u00e5r och n\u00f6t. Vallhundsprovet \u00e4r ingen t\u00e4vling utan ett prov, som syftar till att verka f\u00f6r att bevara och vidareutveckla den arbetande vallhundens bruksegenskaper. Det \u00e4r hundens arbete som f\u00f6rst och fr\u00e4mst bed\u00f6ms. M\u00e5lmedvetenhet, arbete, tempo, effektivitet, djurhantering och riktning \u00e4r det domarna tittar p\u00e5. [&hellip;]<\/p>\n","protected":false},"author":2,"featured_media":0,"parent":0,"menu_order":0,"comment_status":"closed","ping_status":"closed","template":"page-no-title","meta":{"_view_id":"","footnotes":""},"class_list":["post-21","page","type-page","status-publish","hentry"],"_links":{"self":[{"href":"https:\/\/svak.se\/index.php\/wp-json\/wp\/v2\/pages\/21","targetHints":{"allow":["GET"]}}],"collection":[{"href":"https:\/\/svak.se\/index.php\/wp-json\/wp\/v2\/pages"}],"about":[{"href":"https:\/\/svak.se\/index.php\/wp-json\/wp\/v2\/types\/page"}],"author":[{"embeddable":true,"href":"https:\/\/svak.se\/index.php\/wp-json\/wp\/v2\/users\/2"}],"replies":[{"embeddable":true,"href":"https:\/\/svak.se\/index.php\/wp-json\/wp\/v2\/comments?post=21"}],"version-history":[{"count":10,"href":"https:\/\/svak.se\/index.php\/wp-json\/wp\/v2\/pages\/21\/revisions"}],"predecessor-version":[{"id":11864,"href":"https:\/\/svak.se\/index.php\/wp-json\/wp\/v2\/pages\/21\/revisions\/11864"}],"wp:attachment":[{"href":"https:\/\/svak.se\/index.php\/wp-json\/wp\/v2\/media?parent=21"}],"curies":[{"name":"wp","href":"https:\/\/api.w.org\/{rel}","templated":true}]}}