{"id":19,"date":"2024-08-23T11:41:34","date_gmt":"2024-08-23T11:41:34","guid":{"rendered":"https:\/\/svak.se\/?page_id=19"},"modified":"2025-10-31T15:48:50","modified_gmt":"2025-10-31T14:48:50","slug":"vallhunden","status":"publish","type":"page","link":"https:\/\/svak.se\/index.php\/vallhunden\/","title":{"rendered":"Vallhunden"},"content":{"rendered":"\n<div class=\"wp-block-group alignfull has-global-padding is-layout-constrained wp-container-core-group-is-layout-639b5052 wp-block-group-is-layout-constrained\" style=\"padding-top:0;padding-right:0;padding-bottom:0;padding-left:0\">\n<div class=\"wp-block-group alignfull has-base-background-color has-background has-global-padding is-layout-constrained wp-container-core-group-is-layout-b9940f7e wp-block-group-is-layout-constrained\" style=\"margin-top:0;margin-bottom:0;padding-top:var(--wp--preset--spacing--50);padding-right:var(--wp--preset--spacing--40);padding-bottom:var(--wp--preset--spacing--50);padding-left:var(--wp--preset--spacing--40)\">\n<h1 class=\"wp-block-heading alignwide has-xx-large-font-size\">Vallhunden<\/h1>\n\n\n\n<figure data-wp-context=\"{&quot;imageId&quot;:&quot;69ec9c83b8fb5&quot;}\" data-wp-interactive=\"core\/image\" data-wp-key=\"69ec9c83b8fb5\" class=\"wp-block-image alignwide size-full is-style-default wp-lightbox-container\"><img decoding=\"async\" width=\"1000\" height=\"562\" data-wp-class--hide=\"state.isContentHidden\" data-wp-class--show=\"state.isContentVisible\" data-wp-init=\"callbacks.setButtonStyles\" data-wp-on--click=\"actions.showLightbox\" data-wp-on--load=\"callbacks.setButtonStyles\" data-wp-on-window--resize=\"callbacks.setButtonStyles\" data-src=\"https:\/\/svak.se\/wp-content\/uploads\/2024\/08\/aktivitet2012_08.jpg\" alt=\"Vallhund som driver n\u00f6tkreatur.\" class=\"wp-image-203 lazyload\" data-srcset=\"https:\/\/svak.se\/wp-content\/uploads\/2024\/08\/aktivitet2012_08.jpg 1000w, https:\/\/svak.se\/wp-content\/uploads\/2024\/08\/aktivitet2012_08-300x169.jpg 300w, https:\/\/svak.se\/wp-content\/uploads\/2024\/08\/aktivitet2012_08-768x432.jpg 768w\" data-sizes=\"(max-width: 1000px) 100vw, 1000px\" src=\"data:image\/svg+xml;base64,PHN2ZyB3aWR0aD0iMSIgaGVpZ2h0PSIxIiB4bWxucz0iaHR0cDovL3d3dy53My5vcmcvMjAwMC9zdmciPjwvc3ZnPg==\" style=\"--smush-placeholder-width: 1000px; --smush-placeholder-aspect-ratio: 1000\/562;\" \/><button\n\t\t\tclass=\"lightbox-trigger\"\n\t\t\ttype=\"button\"\n\t\t\taria-haspopup=\"dialog\"\n\t\t\taria-label=\"F\u00f6rstora\"\n\t\t\tdata-wp-init=\"callbacks.initTriggerButton\"\n\t\t\tdata-wp-on--click=\"actions.showLightbox\"\n\t\t\tdata-wp-style--right=\"state.imageButtonRight\"\n\t\t\tdata-wp-style--top=\"state.imageButtonTop\"\n\t\t>\n\t\t\t<svg xmlns=\"http:\/\/www.w3.org\/2000\/svg\" width=\"12\" height=\"12\" fill=\"none\" viewBox=\"0 0 12 12\">\n\t\t\t\t<path fill=\"#fff\" d=\"M2 0a2 2 0 0 0-2 2v2h1.5V2a.5.5 0 0 1 .5-.5h2V0H2Zm2 10.5H2a.5.5 0 0 1-.5-.5V8H0v2a2 2 0 0 0 2 2h2v-1.5ZM8 12v-1.5h2a.5.5 0 0 0 .5-.5V8H12v2a2 2 0 0 1-2 2H8Zm2-12a2 2 0 0 1 2 2v2h-1.5V2a.5.5 0 0 0-.5-.5H8V0h2Z\" \/>\n\t\t\t<\/svg>\n\t\t<\/button><\/figure>\n\n\n\n<div class=\"wp-block-group alignwide has-global-padding is-layout-constrained wp-block-group-is-layout-constrained\">\n<div style=\"height:30px\" aria-hidden=\"true\" class=\"wp-block-spacer\"><\/div>\n\n\n\n<div class=\"wp-block-columns alignwide is-layout-flex wp-container-core-columns-is-layout-549b0c86 wp-block-columns-is-layout-flex\">\n<div class=\"wp-block-column is-layout-flow wp-container-core-column-is-layout-119bc444 wp-block-column-is-layout-flow\" style=\"flex-basis:100%\">\n<h4 class=\"wp-block-heading\" style=\"line-height:1.5\">I Sverige \u00e4r det fr\u00e4mst tv\u00e5 raser som anv\u00e4nds inom jordbruket, border collie och working kelpie. H\u00e4r presenteras border collien. Vill du veta mer om working kelpien hittar du det p\u00e5 <a href=\"https:\/\/www.svenskaworkingkelpieklubben.se\/working-kelpie\">Svenska working kelpieklubbens hemsida h\u00e4r<\/a>.<\/h4>\n\n\n\n<h4 class=\"wp-block-heading\" style=\"line-height:1.6\">Border collien \u00e4r en utpr\u00e4glad vallhund som \u00e4r framavlad under flera hundra \u00e5r p\u00e5 de brittiska \u00f6arna. Den anv\u00e4nds nu f\u00f6r tiden \u00f6ver hela v\u00e4rlden f\u00f6r att h\u00e4mta, samla och f\u00f6rflytta f\u00e5r, n\u00f6tkreatur och andra djur. Till Sverige kom den troligtvis p\u00e5 20-talet.<\/h4>\n\n\n\n<div class=\"wp-block-columns is-layout-flex wp-container-core-columns-is-layout-87beb0d0 wp-block-columns-is-layout-flex\">\n<div class=\"wp-block-column is-layout-flow wp-block-column-is-layout-flow\">\n<h4 class=\"wp-block-heading has-text-align-center is-style-asterisk\">Signalk\u00e4nslig<\/h4>\n\n\n\n<p class=\"wp-container-content-9cfa9a5a\" style=\"font-size:clamp(14px, 0.875rem + ((1vw - 3.2px) * 0.417), 18px);\">Border collien \u00e4r signalk\u00e4nslig, har mycket l\u00e4tt f\u00f6r att l\u00e4ra och vill g\u00e4rna vara sin f\u00f6rare till lags. <\/p>\n\n\n\n<p class=\"wp-container-content-9cfa9a5a\" style=\"font-size:clamp(14px, 0.875rem + ((1vw - 3.2px) * 0.417), 18px);\">Den \u00e4r avlad f\u00f6r att arbeta \u00e5t sin f\u00f6rare och om man inte har ett bra ledarskap \u00f6ver sin hund, s\u00e5 hittar den p\u00e5 egna aktiviteter och kan l\u00e4tt bli stressad. <\/p>\n\n\n\n<p class=\"wp-container-content-9cfa9a5a\" style=\"font-size:clamp(14px, 0.875rem + ((1vw - 3.2px) * 0.417), 18px);\">Den l\u00e5ga stresstr\u00f6skeln beh\u00f6vs n\u00e4r man ska arbeta med att valla djur. Hunden ska reagera snabbt p\u00e5 djurens r\u00f6relser, men det g\u00f6r \u00e4ven att den kan b\u00f6rja valla allt m\u00f6jligt annat som r\u00f6r sig t ex barn, bilar, joggare. Man m\u00e5ste verkligen h\u00e5lla efter den som valp, s\u00e5 att den inte l\u00e4gger sig till med s\u00e5dana olater.<\/p>\n\n\n\n<h4 class=\"wp-block-heading has-text-align-center is-style-asterisk\">Vill arbeta<\/h4>\n\n\n\n<p class=\"wp-container-content-9cfa9a5a\" style=\"font-size:clamp(14px, 0.875rem + ((1vw - 3.2px) * 0.417), 18px);\">Border collien passar inte som s\u00e4llskapshund utan b\u00f6r f\u00e5r arbeta med det den \u00e4r avlad f\u00f6r. Border collien har en otrolig arbetsvilja och \u00e4r outr\u00f6ttlig n\u00e4r det g\u00e4ller att arbeta med djuren.\u2028<\/p>\n\n\n\n<p class=\"wp-container-content-9cfa9a5a\" style=\"font-size:clamp(14px, 0.875rem + ((1vw - 3.2px) * 0.417), 18px);\">Den ska var frisk och harmoniskt byggd med smidiga r\u00f6relser. De kan se mycket olika ut; l\u00e5ng\/korth\u00e5rig, h\u00e4ng\/st\u00e5nd\u00f6ron, 13-30 kg, mest vit\/mest svart, tref\u00e4rgad osv. Uppf\u00f6darna ser till vallningsf\u00f6rm\u00e5gan n\u00e4r de v\u00e4ljer avelsdjur.<\/p>\n\n\n\n<p class=\"wp-container-content-9cfa9a5a\" style=\"font-size:clamp(14px, 0.875rem + ((1vw - 3.2px) * 0.417), 18px);\"><\/p>\n<\/div>\n\n\n\n<div class=\"wp-block-column is-layout-flow wp-block-column-is-layout-flow\">\n<h4 class=\"wp-block-heading has-text-align-center is-style-asterisk\">Olika arbetss\u00e4tt<\/h4>\n\n\n\n<p class=\"wp-container-content-9cfa9a5a\" style=\"font-size:clamp(14px, 0.875rem + ((1vw - 3.2px) * 0.417), 18px);\">Border collies kan ha varierande arbetss\u00e4tt. En del visar mycket eye och koncentration n\u00e4r de arbetar &#8211; ett arbetss\u00e4tt d\u00e4r hunden kontrollerar flocken med blicken och en hukande kroppsst\u00e4llning.<\/p>\n\n\n\n<p class=\"wp-container-content-9cfa9a5a\" style=\"font-size:clamp(14px, 0.875rem + ((1vw - 3.2px) * 0.417), 18px);\">Andra \u00e4r mera kroppsvallare &#8211; ett arbetss\u00e4tt d\u00e4r hunden kontrollerar flocken med snabba, pendlande r\u00f6relser. Vissa vill arbeta p\u00e5 l\u00e5ngt avst\u00e5nd fr\u00e5n djuren och andra vill jobba n\u00e4ra. <\/p>\n\n\n\n<p class=\"wp-container-content-9cfa9a5a\" style=\"font-size:clamp(14px, 0.875rem + ((1vw - 3.2px) * 0.417), 18px);\">Om du ska k\u00f6pa vallhund till dina djur, s\u00e5 ta kontakt med vallhundsklubben f\u00f6r att f\u00e5 reda p\u00e5 hur f\u00f6r\u00e4ldrarna till valpen arbetar. Utan avel p\u00e5 vallegenskaperna, s\u00e5 skulle border collien inte vara en s\u00e5 popul\u00e4r brukshund.<\/p>\n\n\n\n<h4 class=\"wp-block-heading has-text-align-center is-style-asterisk\">Avelskrav<\/h4>\n\n\n\n<p style=\"font-size:clamp(14px, 0.875rem + ((1vw - 3.2px) * 0.417), 18px);\">F\u00f6r att f\u00e5 registrera border collievalpar i SKK:s Vallhundsregister s\u00e5 m\u00e5ste b\u00e5da f\u00f6r\u00e4ldrarna ha avlagt godk\u00e4nt vallhundsprov. <\/p>\n\n\n\n<p style=\"font-size:clamp(14px, 0.875rem + ((1vw - 3.2px) * 0.417), 18px);\">Det \u00e4r ett s\u00e4tt att bevara border collien som vallhund. Man kan inte registrera en valp i efterhand, s\u00e5 man ska inte k\u00f6pa oregistrerade border collievalpar.\u2028<\/p>\n\n\n\n<p style=\"font-size:clamp(14px, 0.875rem + ((1vw - 3.2px) * 0.417), 18px);\">Border collien \u00e4r en fantastisk hj\u00e4lp vid all flockdjurshantering och SvaK arbetar f\u00f6r att beh\u00e5lla dess egenskaper till gagn f\u00f6r djur\u00e4gare och andra som beh\u00f6ver en vallhund. <\/p>\n\n\n\n<p style=\"font-size:clamp(14px, 0.875rem + ((1vw - 3.2px) * 0.417), 18px);\">H\u00e4r kan du l\u00e4sa den rasbeskrivning som finns p\u00e5 SKK:&nbsp;&nbsp;<a href=\"http:\/\/www.skk.se\/hundraser\/border-collie\/\" target=\"_blank\" rel=\"noreferrer noopener\">Rasbekrivning Border collie<\/a><\/p>\n<\/div>\n<\/div>\n<\/div>\n<\/div>\n<\/div>\n<\/div>\n<\/div>\n","protected":false},"excerpt":{"rendered":"<p>Vallhunden I Sverige \u00e4r det fr\u00e4mst tv\u00e5 raser som anv\u00e4nds inom jordbruket, border collie och working kelpie. H\u00e4r presenteras border collien. Vill du veta mer om working kelpien hittar du det p\u00e5 Svenska working kelpieklubbens hemsida h\u00e4r. Border collien \u00e4r en utpr\u00e4glad vallhund som \u00e4r framavlad under flera hundra \u00e5r p\u00e5 de brittiska \u00f6arna. Den [&hellip;]<\/p>\n","protected":false},"author":2,"featured_media":0,"parent":0,"menu_order":0,"comment_status":"closed","ping_status":"closed","template":"page-no-title","meta":{"_view_id":"","footnotes":""},"class_list":["post-19","page","type-page","status-publish","hentry"],"_links":{"self":[{"href":"https:\/\/svak.se\/index.php\/wp-json\/wp\/v2\/pages\/19","targetHints":{"allow":["GET"]}}],"collection":[{"href":"https:\/\/svak.se\/index.php\/wp-json\/wp\/v2\/pages"}],"about":[{"href":"https:\/\/svak.se\/index.php\/wp-json\/wp\/v2\/types\/page"}],"author":[{"embeddable":true,"href":"https:\/\/svak.se\/index.php\/wp-json\/wp\/v2\/users\/2"}],"replies":[{"embeddable":true,"href":"https:\/\/svak.se\/index.php\/wp-json\/wp\/v2\/comments?post=19"}],"version-history":[{"count":28,"href":"https:\/\/svak.se\/index.php\/wp-json\/wp\/v2\/pages\/19\/revisions"}],"predecessor-version":[{"id":11737,"href":"https:\/\/svak.se\/index.php\/wp-json\/wp\/v2\/pages\/19\/revisions\/11737"}],"wp:attachment":[{"href":"https:\/\/svak.se\/index.php\/wp-json\/wp\/v2\/media?parent=19"}],"curies":[{"name":"wp","href":"https:\/\/api.w.org\/{rel}","templated":true}]}}