{"id":13,"date":"2024-08-23T11:39:01","date_gmt":"2024-08-23T11:39:01","guid":{"rendered":"https:\/\/svak.se\/?page_id=13"},"modified":"2026-01-20T10:15:15","modified_gmt":"2026-01-20T09:15:15","slug":"bli-medlem","status":"publish","type":"page","link":"https:\/\/svak.se\/index.php\/hem\/bli-medlem\/","title":{"rendered":"Bli medlem"},"content":{"rendered":"\n<div class=\"wp-block-group alignfull has-custom-svakgr-n-background-color has-background has-global-padding is-layout-constrained wp-container-core-group-is-layout-867c3d7b wp-block-group-is-layout-constrained\" style=\"margin-top:0;margin-bottom:0;padding-top:var(--wp--preset--spacing--30);padding-right:var(--wp--preset--spacing--30);padding-bottom:var(--wp--preset--spacing--30);padding-left:var(--wp--preset--spacing--30)\">\n<div class=\"wp-block-group alignfull has-contrast-color has-text-color has-link-color wp-elements-993c2d5e5cbf0d2366c5266631cfefb3 has-global-padding is-layout-constrained wp-container-core-group-is-layout-d89aad35 wp-block-group-is-layout-constrained\" style=\"margin-top:0;margin-bottom:0;padding-top:var(--wp--preset--spacing--50);padding-right:var(--wp--preset--spacing--50);padding-bottom:var(--wp--preset--spacing--50);padding-left:var(--wp--preset--spacing--50)\">\n<div class=\"wp-block-group alignwide has-base-2-color has-text-color has-link-color wp-elements-0cc6e737343870e93411a053dbc4cf7d is-vertical is-layout-flex wp-container-core-group-is-layout-fe9cc265 wp-block-group-is-layout-flex\">\n<figure data-wp-context=\"{&quot;imageId&quot;:&quot;69ec9ca9a30f7&quot;}\" data-wp-interactive=\"core\/image\" data-wp-key=\"69ec9ca9a30f7\" class=\"wp-block-image size-full is-resized is-style-default wp-lightbox-container\"><img decoding=\"async\" width=\"1000\" height=\"750\" data-wp-class--hide=\"state.isContentHidden\" data-wp-class--show=\"state.isContentVisible\" data-wp-init=\"callbacks.setButtonStyles\" data-wp-on--click=\"actions.showLightbox\" data-wp-on--load=\"callbacks.setButtonStyles\" data-wp-on-window--resize=\"callbacks.setButtonStyles\" data-src=\"https:\/\/svak.se\/wp-content\/uploads\/2024\/08\/P1020975.jpg\" alt=\"Bli medlem\" class=\"wp-image-184 lazyload\" style=\"--smush-placeholder-width: 1000px; --smush-placeholder-aspect-ratio: 1000\/750;width:1260px;height:auto\" data-srcset=\"https:\/\/svak.se\/wp-content\/uploads\/2024\/08\/P1020975.jpg 1000w, https:\/\/svak.se\/wp-content\/uploads\/2024\/08\/P1020975-300x225.jpg 300w, https:\/\/svak.se\/wp-content\/uploads\/2024\/08\/P1020975-768x576.jpg 768w\" data-sizes=\"(max-width: 1000px) 100vw, 1000px\" src=\"data:image\/svg+xml;base64,PHN2ZyB3aWR0aD0iMSIgaGVpZ2h0PSIxIiB4bWxucz0iaHR0cDovL3d3dy53My5vcmcvMjAwMC9zdmciPjwvc3ZnPg==\" \/><button\n\t\t\tclass=\"lightbox-trigger\"\n\t\t\ttype=\"button\"\n\t\t\taria-haspopup=\"dialog\"\n\t\t\taria-label=\"F\u00f6rstora\"\n\t\t\tdata-wp-init=\"callbacks.initTriggerButton\"\n\t\t\tdata-wp-on--click=\"actions.showLightbox\"\n\t\t\tdata-wp-style--right=\"state.imageButtonRight\"\n\t\t\tdata-wp-style--top=\"state.imageButtonTop\"\n\t\t>\n\t\t\t<svg xmlns=\"http:\/\/www.w3.org\/2000\/svg\" width=\"12\" height=\"12\" fill=\"none\" viewBox=\"0 0 12 12\">\n\t\t\t\t<path fill=\"#fff\" d=\"M2 0a2 2 0 0 0-2 2v2h1.5V2a.5.5 0 0 1 .5-.5h2V0H2Zm2 10.5H2a.5.5 0 0 1-.5-.5V8H0v2a2 2 0 0 0 2 2h2v-1.5ZM8 12v-1.5h2a.5.5 0 0 0 .5-.5V8H12v2a2 2 0 0 1-2 2H8Zm2-12a2 2 0 0 1 2 2v2h-1.5V2a.5.5 0 0 0-.5-.5H8V0h2Z\" \/>\n\t\t\t<\/svg>\n\t\t<\/button><\/figure>\n\n\n\n<h2 class=\"wp-block-heading has-base-2-color has-text-color has-link-color wp-elements-a079f19f6e5e040c05941c8b74e0b606\">Bli medlem <\/h2>\n\n\n\n<p>Alla som st\u00f6djer\u00a0Svenska Vallhundsklubbens\u00a0\u00a0\u00e4ndam\u00e5l kan bli medlemmar.\u2028<br>Man beh\u00f6ver inte vara Border Collie \u00e4gare. Medlemskap kostar 425:-. Familjemedlem betalar 100:-. Medlemsavgiften och\/eller anm\u00e4lan f\u00f6r ny medlem, sker idag direkt p\u00e5 <a href=\"https:\/\/vallreg.se\/user\/become-member\">Vallreg<\/a><\/p>\n\n\n\n<p>Detta f\u00e5r du<\/p>\n\n\n\n<ul class=\"wp-block-list is-style-default\">\n<li>ta del i klubbens olika aktiviteter och kurser<\/li>\n\n\n\n<li>tillg\u00e5ng till&nbsp;Vallreg, den svenska databasen \u00f6ver registrerade bordercollie, medlemsinfo, t\u00e4vlingsresultat, forum och mycket mer.<\/li>\n\n\n\n<li>P\u00e5 Svaks hemsida kan du ocks\u00e5 ta del av mycket information och nyheter m.m.<\/li>\n\n\n\n<li>Vissa klubbar betalar \u00e4ven f\u00f6r&nbsp;ett vallhundsprov\/\u00e5r. H\u00f6r efter med din klubb vad som g\u00e4ller.<\/li>\n\n\n\n<li>delta i t\u00e4vlingar som de olika lokalklubbarna anordnar<\/li>\n\n\n\n<li>delta p\u00e5 medlemsm\u00f6ten och \u00e5rsm\u00f6tet, d\u00e4r du kan g\u00f6ra din r\u00f6st h\u00f6rd<\/li>\n\n\n\n<li>och inte minst tr\u00e4ffa m\u00e5nga engagerade m\u00e4nniskor och hundar<\/li>\n<\/ul>\n\n\n\n<div class=\"wp-block-buttons is-layout-flex wp-block-buttons-is-layout-flex\">\n<div class=\"wp-block-button is-style-outline is-style-outline--1\"><a class=\"wp-block-button__link has-base-2-color has-custom-svakgr-n-background-color has-text-color has-background has-link-color wp-element-button\" href=\"https:\/\/vallreg.se\/\"><strong>Till Vallreg<\/strong><\/a><\/div>\n<\/div>\n<\/div>\n<\/div>\n<\/div>\n","protected":false},"excerpt":{"rendered":"<p>Bli medlem Alla som st\u00f6djer\u00a0Svenska Vallhundsklubbens\u00a0\u00a0\u00e4ndam\u00e5l kan bli medlemmar.\u2028Man beh\u00f6ver inte vara Border Collie \u00e4gare. Medlemskap kostar 425:-. Familjemedlem betalar 100:-. Medlemsavgiften och\/eller anm\u00e4lan f\u00f6r ny medlem, sker idag direkt p\u00e5 Vallreg Detta f\u00e5r du<\/p>\n","protected":false},"author":2,"featured_media":0,"parent":25,"menu_order":2,"comment_status":"closed","ping_status":"closed","template":"page-no-title","meta":{"_view_id":"","footnotes":""},"class_list":["post-13","page","type-page","status-publish","hentry"],"_links":{"self":[{"href":"https:\/\/svak.se\/index.php\/wp-json\/wp\/v2\/pages\/13","targetHints":{"allow":["GET"]}}],"collection":[{"href":"https:\/\/svak.se\/index.php\/wp-json\/wp\/v2\/pages"}],"about":[{"href":"https:\/\/svak.se\/index.php\/wp-json\/wp\/v2\/types\/page"}],"author":[{"embeddable":true,"href":"https:\/\/svak.se\/index.php\/wp-json\/wp\/v2\/users\/2"}],"replies":[{"embeddable":true,"href":"https:\/\/svak.se\/index.php\/wp-json\/wp\/v2\/comments?post=13"}],"version-history":[{"count":20,"href":"https:\/\/svak.se\/index.php\/wp-json\/wp\/v2\/pages\/13\/revisions"}],"predecessor-version":[{"id":11816,"href":"https:\/\/svak.se\/index.php\/wp-json\/wp\/v2\/pages\/13\/revisions\/11816"}],"up":[{"embeddable":true,"href":"https:\/\/svak.se\/index.php\/wp-json\/wp\/v2\/pages\/25"}],"wp:attachment":[{"href":"https:\/\/svak.se\/index.php\/wp-json\/wp\/v2\/media?parent=13"}],"curies":[{"name":"wp","href":"https:\/\/api.w.org\/{rel}","templated":true}]}}