{"id":11,"date":"2024-08-23T11:38:13","date_gmt":"2024-08-23T11:38:13","guid":{"rendered":"https:\/\/svak.se\/?page_id=11"},"modified":"2026-02-28T19:37:21","modified_gmt":"2026-02-28T18:37:21","slug":"om","status":"publish","type":"page","link":"https:\/\/svak.se\/index.php\/hem\/om\/","title":{"rendered":"Om"},"content":{"rendered":"\n<div class=\"wp-block-group alignfull has-global-padding is-layout-constrained wp-block-group-is-layout-constrained\">\n<div class=\"wp-block-group alignfull has-base-2-color has-custom-svakgr-n-background-color has-text-color has-background has-link-color wp-elements-7a12b565d48021cd927ce989de5d5b56 has-global-padding is-layout-constrained wp-container-core-group-is-layout-6a7b5817 wp-block-group-is-layout-constrained\" style=\"margin-top:0;margin-bottom:0;padding-top:var(--wp--preset--spacing--50);padding-right:var(--wp--preset--spacing--30);padding-bottom:var(--wp--preset--spacing--50);padding-left:var(--wp--preset--spacing--30)\">\n<h2 class=\"wp-block-heading has-base-2-color has-text-color has-link-color wp-elements-775d2681027cd627a0e985c0375e0bd2\">Svenska Vallhundsklubben<\/h2>\n\n\n\n<figure data-wp-context=\"{&quot;imageId&quot;:&quot;69ec9aa167fb9&quot;}\" data-wp-interactive=\"core\/image\" data-wp-key=\"69ec9aa167fb9\" class=\"wp-block-image size-full is-resized is-style-default wp-lightbox-container\"><img decoding=\"async\" width=\"1000\" height=\"671\" data-wp-class--hide=\"state.isContentHidden\" data-wp-class--show=\"state.isContentVisible\" data-wp-init=\"callbacks.setButtonStyles\" data-wp-on--click=\"actions.showLightbox\" data-wp-on--load=\"callbacks.setButtonStyles\" data-wp-on-window--resize=\"callbacks.setButtonStyles\" data-src=\"https:\/\/svak.se\/wp-content\/uploads\/2024\/08\/DSC_0087.jpg\" alt=\"Border collie vallar f\u00e5r \u00f6ver en bro.\" class=\"wp-image-176 lazyload\" style=\"--smush-placeholder-width: 1000px; --smush-placeholder-aspect-ratio: 1000\/671;width:1200px;height:auto\" data-srcset=\"https:\/\/svak.se\/wp-content\/uploads\/2024\/08\/DSC_0087.jpg 1000w, https:\/\/svak.se\/wp-content\/uploads\/2024\/08\/DSC_0087-300x201.jpg 300w, https:\/\/svak.se\/wp-content\/uploads\/2024\/08\/DSC_0087-768x515.jpg 768w\" data-sizes=\"(max-width: 1000px) 100vw, 1000px\" src=\"data:image\/svg+xml;base64,PHN2ZyB3aWR0aD0iMSIgaGVpZ2h0PSIxIiB4bWxucz0iaHR0cDovL3d3dy53My5vcmcvMjAwMC9zdmciPjwvc3ZnPg==\" \/><button\n\t\t\tclass=\"lightbox-trigger\"\n\t\t\ttype=\"button\"\n\t\t\taria-haspopup=\"dialog\"\n\t\t\taria-label=\"F\u00f6rstora\"\n\t\t\tdata-wp-init=\"callbacks.initTriggerButton\"\n\t\t\tdata-wp-on--click=\"actions.showLightbox\"\n\t\t\tdata-wp-style--right=\"state.imageButtonRight\"\n\t\t\tdata-wp-style--top=\"state.imageButtonTop\"\n\t\t>\n\t\t\t<svg xmlns=\"http:\/\/www.w3.org\/2000\/svg\" width=\"12\" height=\"12\" fill=\"none\" viewBox=\"0 0 12 12\">\n\t\t\t\t<path fill=\"#fff\" d=\"M2 0a2 2 0 0 0-2 2v2h1.5V2a.5.5 0 0 1 .5-.5h2V0H2Zm2 10.5H2a.5.5 0 0 1-.5-.5V8H0v2a2 2 0 0 0 2 2h2v-1.5ZM8 12v-1.5h2a.5.5 0 0 0 .5-.5V8H12v2a2 2 0 0 1-2 2H8Zm2-12a2 2 0 0 1 2 2v2h-1.5V2a.5.5 0 0 0-.5-.5H8V0h2Z\" \/>\n\t\t\t<\/svg>\n\t\t<\/button><\/figure>\n\n\n\n<p>Svenska Vallhundsklubben (SVaK) bildades 1969 och har sedan dess st\u00e4ndigt \u00f6kat sitt medlemsantal.<\/p>\n\n\n\n<p>1977 associerades SVaK med Svenska Kennelklubben (SKK). H\u00e4rigenom blev SVaK ensam ansvarig f\u00f6r bordercollieaveln i v\u00e5rt land och dessutom f\u00f6r meriterande vallhundsprov. Bordercollien har f\u00e5tt stor arbetsbesparande och d\u00e4rmed ekonomisk betydelse f\u00f6r djur\u00e4garen och \u00e4r d\u00e4rf\u00f6r fast knuten till v\u00e5ra modern\u00e4ringar jordbruk och boskapssk\u00f6tsel. P\u00e5 avelssidan \u00e4r SVaK:s m\u00e5ls\u00e4ttning: en god vallhund som har kraft och f\u00f6rm\u00e5ga att hantera b\u00e5de f\u00e5r och storboskap.<br>F\u00f6r att f\u00e5 registrera en Border Collie-valp i SKK s\u00e5 m\u00e5ste b\u00e5da f\u00f6r\u00e4ldrarna ha godk\u00e4nt vallhundsprov och f\u00f6r\u00e4ldrarna m\u00e5ste vara h\u00f6ftledsr\u00f6ntgade.<br><em>All annan avel med border collie avvisas av SVaK.<\/em><\/p>\n\n\n\n<p>SVaK har f\u00f6rutom forumet p\u00e5 Vallreg en Facebookgrupp med namnet Svenska Vallhundsklubben. I den h\u00e4r gruppen brukar det d\u00e5 och d\u00e5 l\u00e4ggas upp inbjudningar till f\u00f6rel\u00e4sningar och kurser online.<\/p>\n\n\n\n<p>Det \u00e4r viktigt att du uppdaterar dina kontaktuppgifter i <strong><a href=\"https:\/\/vallreg.se\/\">Vallreg<\/a><\/strong> om du \u00e4ndrar till exempel epostadress, f\u00f6r att du ska f\u00e5 den information som klubben skickar ut.<\/p>\n\n\n\n<p><strong>Svenska Working Kelpieklubben (SWKK) &#8211; rasklubb f\u00f6r working kelpie<\/strong><\/p>\n\n\n\n<p style=\"text-decoration:none\">Om du \u00e4ven \u00e4r medlem i Svenska Working Kelpieklubben, SWKK, s\u00e5 hittar du information p\u00e5&nbsp;<a href=\"https:\/\/www.svenskaworkingkelpieklubben.se\/\"><strong>www.svenskaworkingkelpieklubben.se<\/strong><\/a>, d\u00e4r finns kontaktpersoner som svarar p\u00e5 alla dina fr\u00e5gor. Som medlem f\u00e5r du \u00e4ven en digital nyhetstidning tre g\u00e5nger per \u00e5r. F\u00f6lj g\u00e4rna klubben p\u00e5 Facebook. &nbsp;<\/p>\n\n\n\n<p>Klubben arbetar f\u00f6r att bevara och vidareutveckla den arbetande vallhundens egenskaper. SWKK bildades 1984 och sedan 2019 ing\u00e5r vi som rasklubb i specialklubben Svenska Vallhundsklubben (SVaK).<\/p>\n\n\n\n<p>L\u00e4nk till RAS: <a href=\"https:\/\/www.svenskaworkingkelpieklubben.se\/ras\"><strong>https:\/\/www.svenskaworkingkelpieklubben.se\/ras<\/strong><\/a><\/p>\n\n\n\n<p><strong>Working<\/strong><strong> <\/strong><strong>kelpie<\/strong><strong> \u2013 En oumb\u00e4rlig vallhund i extrema f\u00f6rh\u00e5llanden<\/strong><strong><br><\/strong>Working kelpie, Australiens vanligaste vallhund, \u00e4r en produkt av den milj\u00f6 den utvecklats i, lika typisk f\u00f6r Australien som merinof\u00e5ret. Utan working kelpie skulle f\u00e5rsk\u00f6tseln p\u00e5 stora, torra omr\u00e5den vara n\u00e4stintill om\u00f6jlig. Hundarna m\u00e5ste klara l\u00e5nga dagar, t\u00e4cka stora avst\u00e5nd och arbeta i temperaturer \u00f6ver 40 grader i skuggan.<\/p>\n\n\n\n<p><strong>Working<\/strong><strong>kelpie <\/strong><strong>i Sverige<\/strong><strong><br><\/strong>De f\u00f6rsta working kelpie kom till Sverige p\u00e5 1970-talet. Under 1980-talet \u00f6kade importerna, och 2000 erk\u00e4ndes working kelpie som en ras av Svenska Kennelklubben (SKK). Svenska Working Kelpieklubben bildades 1984 f\u00f6r att bevara och utveckla rasen i Norden.<\/p>\n\n\n\n<p><strong>Egenskaper som g\u00f6r rasen unik<\/strong><strong><br><\/strong>Working kelpie \u00e4r k\u00e4nd f\u00f6r sin energi, arbetsvilja och f\u00f6rm\u00e5ga att koppla av n\u00e4r den inte arbetar. Rasen kombinerar f\u00f6ljsamhet och sj\u00e4lvst\u00e4ndighet med intelligens, t\u00e5lamod och lugn, vilket g\u00f6r den uppskattad som vallhund v\u00e4rlden \u00f6ver.<\/p>\n<\/div>\n\n\n\n<div class=\"wp-block-group alignfull has-base-background-color has-background has-global-padding is-layout-constrained wp-container-core-group-is-layout-d89aad35 wp-block-group-is-layout-constrained\" style=\"margin-top:0;margin-bottom:0;padding-top:var(--wp--preset--spacing--50);padding-right:var(--wp--preset--spacing--50);padding-bottom:var(--wp--preset--spacing--50);padding-left:var(--wp--preset--spacing--50)\">\n<figure class=\"wp-block-pullquote\"><blockquote><p>Ingen Border collie i avel utan vallningsmeriter<\/p><\/blockquote><\/figure>\n<\/div>\n\n\n\n<div class=\"wp-block-group alignfull has-base-2-color has-custom-svakgr-n-background-color has-text-color has-background has-link-color wp-elements-9a66e5ba5b2b1cfbe884744c71d74846 has-global-padding is-layout-constrained wp-container-core-group-is-layout-7161298f wp-block-group-is-layout-constrained\" style=\"margin-top:0;margin-bottom:0;padding-top:var(--wp--preset--spacing--50);padding-right:var(--wp--preset--spacing--50);padding-bottom:var(--wp--preset--spacing--50);padding-left:var(--wp--preset--spacing--50)\">\n<div class=\"wp-block-columns alignwide is-layout-flex wp-container-core-columns-is-layout-1da03c2a wp-block-columns-is-layout-flex\">\n<div class=\"wp-block-column is-vertically-aligned-stretch is-layout-flow wp-block-column-is-layout-flow\" style=\"flex-basis:50%\">\n<div class=\"wp-block-group is-vertical is-content-justification-stretch is-layout-flex wp-container-core-group-is-layout-444d5ee8 wp-block-group-is-layout-flex\" style=\"min-height:100%\">\n<div class=\"wp-block-group has-global-padding is-layout-constrained wp-block-group-is-layout-constrained\">\n<h2 class=\"wp-block-heading has-base-2-color has-text-color has-link-color wp-elements-178403c136f2be40b7668084a995ea1f\">Lokalklubbar<\/h2>\n\n\n\n<p>SVaK representeras ute i landet av sina lokalklubbar. De anordnar kurser, vallhundsprov och t\u00e4vlingar p\u00e5 f\u00e5r och n\u00f6tkreatur. Avsikten med dessa prov \u00e4r att till aveln f\u00f6ra fram s\u00e5dana hundar, som b\u00e4st passar svensk djurh\u00e5llning. Mer information hittar du p\u00e5 Vallreg.<\/p>\n\n\n\n<p>H\u00e4r finns v\u00e5ra klubbar, i den ordning de bildats:<br>1. Dalarnas VK<br>2. Gotlands VK<br>3. Sk\u00e5nes VK<br>4. Upplands VK<br>5. S\u00f6rmlands VK<br>6. X-l\u00e4ns VK<br>8. V\u00e4stsvenska VK<br>9. Skaraborgs Aktiva Vallare<br>10. \u00d6sterg\u00f6tlands VK<br>11. Bohusl\u00e4ns-Dals VK<br>12. Vallhundsringen<br>13. Bergslagens VK<br>14. Sm\u00e5lands VK<br>15. Syd\u00f6stra Sveriges VK<br>16. Sjuh\u00e4radsvallarna<br>17. V\u00e4rmlandsvallare<br>18. J\u00e4mtland-H\u00e4rjedalens VK<br>19. Tjustvallarna<br>20. Kronobergs VK<br>21. Norrbottens VF<br>22. M\u00e4larm\u00e5rdens VK<br>23. AC-Vallarna<br>24. Angervallarna<br>26. VK Nord<br>28. Blekinge VK<br>29. Westmanlands VK<br><br><\/p>\n<\/div>\n\n\n\n<div class=\"wp-block-group has-global-padding is-content-justification-left is-layout-constrained wp-container-core-group-is-layout-9fe8ed88 wp-block-group-is-layout-constrained\">\n<div class=\"wp-block-buttons is-layout-flex wp-block-buttons-is-layout-flex\">\n<div class=\"wp-block-button is-style-outline is-style-outline--1\"><a class=\"wp-block-button__link wp-element-button\" href=\"https:\/\/vallreg.se\/user\/become-member\" style=\"border-width:3px\">till vallreg<\/a><\/div>\n<\/div>\n<\/div>\n<\/div>\n<\/div>\n\n\n\n<div class=\"wp-block-column is-vertically-aligned-center is-layout-flow wp-block-column-is-layout-flow\" style=\"flex-basis:50%\">\n<figure data-wp-context=\"{&quot;imageId&quot;:&quot;69ec9aa16c004&quot;}\" data-wp-interactive=\"core\/image\" data-wp-key=\"69ec9aa16c004\" class=\"wp-block-image aligncenter size-full is-resized is-style-default wp-lightbox-container\"><img decoding=\"async\" width=\"290\" height=\"547\" data-wp-class--hide=\"state.isContentHidden\" data-wp-class--show=\"state.isContentVisible\" data-wp-init=\"callbacks.setButtonStyles\" data-wp-on--click=\"actions.showLightbox\" data-wp-on--load=\"callbacks.setButtonStyles\" data-wp-on-window--resize=\"callbacks.setButtonStyles\" data-src=\"https:\/\/svak.se\/wp-content\/uploads\/2026\/02\/Lokalklubbarny.jpg\" alt=\"\" class=\"wp-image-11875 lazyload\" style=\"--smush-placeholder-width: 290px; --smush-placeholder-aspect-ratio: 290\/547;aspect-ratio:0.6666666666666666;object-fit:contain;width:588px;height:auto\" data-srcset=\"https:\/\/svak.se\/wp-content\/uploads\/2026\/02\/Lokalklubbarny.jpg 290w, https:\/\/svak.se\/wp-content\/uploads\/2026\/02\/Lokalklubbarny-159x300.jpg 159w\" data-sizes=\"(max-width: 290px) 100vw, 290px\" src=\"data:image\/svg+xml;base64,PHN2ZyB3aWR0aD0iMSIgaGVpZ2h0PSIxIiB4bWxucz0iaHR0cDovL3d3dy53My5vcmcvMjAwMC9zdmciPjwvc3ZnPg==\" \/><button\n\t\t\tclass=\"lightbox-trigger\"\n\t\t\ttype=\"button\"\n\t\t\taria-haspopup=\"dialog\"\n\t\t\taria-label=\"F\u00f6rstora\"\n\t\t\tdata-wp-init=\"callbacks.initTriggerButton\"\n\t\t\tdata-wp-on--click=\"actions.showLightbox\"\n\t\t\tdata-wp-style--right=\"state.imageButtonRight\"\n\t\t\tdata-wp-style--top=\"state.imageButtonTop\"\n\t\t>\n\t\t\t<svg xmlns=\"http:\/\/www.w3.org\/2000\/svg\" width=\"12\" height=\"12\" fill=\"none\" viewBox=\"0 0 12 12\">\n\t\t\t\t<path fill=\"#fff\" d=\"M2 0a2 2 0 0 0-2 2v2h1.5V2a.5.5 0 0 1 .5-.5h2V0H2Zm2 10.5H2a.5.5 0 0 1-.5-.5V8H0v2a2 2 0 0 0 2 2h2v-1.5ZM8 12v-1.5h2a.5.5 0 0 0 .5-.5V8H12v2a2 2 0 0 1-2 2H8Zm2-12a2 2 0 0 1 2 2v2h-1.5V2a.5.5 0 0 0-.5-.5H8V0h2Z\" \/>\n\t\t\t<\/svg>\n\t\t<\/button><\/figure>\n<\/div>\n<\/div>\n<\/div>\n\n\n\n<div class=\"wp-block-group alignwide has-global-padding is-layout-constrained wp-container-core-group-is-layout-d89aad35 wp-block-group-is-layout-constrained\" style=\"margin-top:0;margin-bottom:0;padding-top:var(--wp--preset--spacing--50);padding-right:var(--wp--preset--spacing--50);padding-bottom:var(--wp--preset--spacing--50);padding-left:var(--wp--preset--spacing--50)\">\n<p><strong>F\u00f6retag\/F\u00f6rening: <\/strong>Svenska Vallhundsklubben. Svak \u00e4r en ideel f\u00f6rening f\u00f6r alla som \u00e4r intresserade av vallning (f\u00e5r &amp; n\u00f6t) samt f\u00f6r alla som vill bevara den arbetande Border Collien och dess unika vallegenskaper.<\/p>\n\n\n\n<p><strong>Organisationsnummer:<\/strong> 822002-4882<\/p>\n\n\n\n<p><strong>Mailadress:<\/strong> <a href=\"mailto:ordforande@svak.se\">ordforande@svak.se<\/a><\/p>\n\n\n\n<p><strong>Betalningss\u00e4tt samt \u00c5terbetalning\/\u00c5ngerr\u00e4tt: <\/strong><br>Medlemsavgifter och anm\u00e4lningsavgifter betalas via Vallreg.se.<\/p>\n\n\n\n<p>F\u00f6r inbetald medlemsavgift g\u00e4ller inte \u00e5ngerr\u00e4tt.<\/p>\n\n\n\n<p>Vid betalning till t\u00e4vling g\u00e4ller \u00e5ngerr\u00e4tt om f\u00f6raren meddelar detta innan anm\u00e4lningstiden g\u00e5tt ut. D\u00e5 ska ber\u00f6rd lokalklubbs ansvarig (de som anordnar t\u00e4vlingen) kontaktas! I \u00f6vrigt g\u00e4ller \u00e5terbetalning om man blir bortlottad p\u00e5 t\u00e4vling eller om hunden blir skadad\/sjuk och detta kan styrkas med ett veterin\u00e4rintyg.<\/p>\n\n\n\n<p>Information om vem som ska kontaktas finns under &#8221;T\u00e4vlingar&#8221; p\u00e5 Vallreg.se.<\/p>\n<\/div>\n<\/div>\n","protected":false},"excerpt":{"rendered":"<p>Svenska Vallhundsklubben Svenska Vallhundsklubben (SVaK) bildades 1969 och har sedan dess st\u00e4ndigt \u00f6kat sitt medlemsantal. 1977 associerades SVaK med Svenska Kennelklubben (SKK). H\u00e4rigenom blev SVaK ensam ansvarig f\u00f6r bordercollieaveln i v\u00e5rt land och dessutom f\u00f6r meriterande vallhundsprov. Bordercollien har f\u00e5tt stor arbetsbesparande och d\u00e4rmed ekonomisk betydelse f\u00f6r djur\u00e4garen och \u00e4r d\u00e4rf\u00f6r fast knuten till v\u00e5ra [&hellip;]<\/p>\n","protected":false},"author":2,"featured_media":0,"parent":25,"menu_order":1,"comment_status":"closed","ping_status":"closed","template":"page-no-title","meta":{"_view_id":"","footnotes":""},"class_list":["post-11","page","type-page","status-publish","hentry"],"_links":{"self":[{"href":"https:\/\/svak.se\/index.php\/wp-json\/wp\/v2\/pages\/11","targetHints":{"allow":["GET"]}}],"collection":[{"href":"https:\/\/svak.se\/index.php\/wp-json\/wp\/v2\/pages"}],"about":[{"href":"https:\/\/svak.se\/index.php\/wp-json\/wp\/v2\/types\/page"}],"author":[{"embeddable":true,"href":"https:\/\/svak.se\/index.php\/wp-json\/wp\/v2\/users\/2"}],"replies":[{"embeddable":true,"href":"https:\/\/svak.se\/index.php\/wp-json\/wp\/v2\/comments?post=11"}],"version-history":[{"count":54,"href":"https:\/\/svak.se\/index.php\/wp-json\/wp\/v2\/pages\/11\/revisions"}],"predecessor-version":[{"id":11877,"href":"https:\/\/svak.se\/index.php\/wp-json\/wp\/v2\/pages\/11\/revisions\/11877"}],"up":[{"embeddable":true,"href":"https:\/\/svak.se\/index.php\/wp-json\/wp\/v2\/pages\/25"}],"wp:attachment":[{"href":"https:\/\/svak.se\/index.php\/wp-json\/wp\/v2\/media?parent=11"}],"curies":[{"name":"wp","href":"https:\/\/api.w.org\/{rel}","templated":true}]}}